{"id":1862,"date":"2022-11-13T12:44:26","date_gmt":"2022-11-13T11:44:26","guid":{"rendered":"https:\/\/rhl-dart.de\/?page_id=1862"},"modified":"2025-05-16T20:59:43","modified_gmt":"2025-05-16T18:59:43","slug":"vorstand","status":"publish","type":"page","link":"https:\/\/rhl-dart.de\/index.php\/vorstand\/","title":{"rendered":"Vorstand"},"content":{"rendered":"\n<p>Alle Vorst\u00e4nde im \u00dcberblick<\/p>\n\n\n\n<div class=\"wp-block-uagb-advanced-heading uagb-block-ee9c9315\"><h2 class=\"uagb-heading-text\">2024<\/h2><\/div>\n\n\n\n<table id=\"tablepress-34\" class=\"tablepress tablepress-id-34\">\n<thead>\n<tr class=\"row-1\">\n\t<th class=\"column-1\">Amt<\/th><th class=\"column-2\">Name<\/th>\n<\/tr>\n<\/thead>\n<tbody class=\"row-striping row-hover\">\n<tr class=\"row-2\">\n\t<td class=\"column-1\">1. Vorsitzender<\/td><td class=\"column-2\">Michael H\u00f6rth<\/td>\n<\/tr>\n<tr class=\"row-3\">\n\t<td class=\"column-1\">2. Vorsitzender<\/td><td class=\"column-2\">Kevin Stay<\/td>\n<\/tr>\n<tr class=\"row-4\">\n\t<td class=\"column-1\">Kassierer<\/td><td class=\"column-2\">Tobias Assmann<\/td>\n<\/tr>\n<tr class=\"row-5\">\n\t<td class=\"column-1\">Schriftf\u00fchrer<\/td><td class=\"column-2\">Marco Lenz<\/td>\n<\/tr>\n<tr class=\"row-6\">\n\t<td class=\"column-1\">Spielleiter<\/td><td class=\"column-2\">Christian Schommer<\/td>\n<\/tr>\n<\/tbody>\n<\/table>\n<!-- #tablepress-34 from cache -->\n\n\n\n<div class=\"wp-block-uagb-advanced-heading uagb-block-d8933a29\"><h2 class=\"uagb-heading-text\">2023<\/h2><\/div>\n\n\n\n<table id=\"tablepress-33\" class=\"tablepress tablepress-id-33\">\n<thead>\n<tr class=\"row-1\">\n\t<th class=\"column-1\">Amt<\/th><th class=\"column-2\">Name<\/th>\n<\/tr>\n<\/thead>\n<tbody class=\"row-striping row-hover\">\n<tr class=\"row-2\">\n\t<td class=\"column-1\">1. Vorsitzender<\/td><td class=\"column-2\">Martin Lehmann<\/td>\n<\/tr>\n<tr class=\"row-3\">\n\t<td class=\"column-1\">2. Vorsitzender<\/td><td class=\"column-2\"><\/td>\n<\/tr>\n<tr class=\"row-4\">\n\t<td class=\"column-1\">Kassierer<\/td><td class=\"column-2\">J\u00f6rg Richter<\/td>\n<\/tr>\n<tr class=\"row-5\">\n\t<td class=\"column-1\">Schriftf\u00fchrer<\/td><td class=\"column-2\">Marco Lenz<\/td>\n<\/tr>\n<tr class=\"row-6\">\n\t<td class=\"column-1\">Spielleiter<\/td><td class=\"column-2\">Christian Schommer<\/td>\n<\/tr>\n<\/tbody>\n<\/table>\n<!-- #tablepress-33 from cache -->\n\n\n\n<div class=\"wp-block-uagb-advanced-heading uagb-block-4f16333a\"><h2 class=\"uagb-heading-text\">2022<\/h2><\/div>\n\n\n\n<table id=\"tablepress-32\" class=\"tablepress tablepress-id-32\">\n<thead>\n<tr class=\"row-1\">\n\t<th class=\"column-1\">Amt<\/th><th class=\"column-2\">Name<\/th>\n<\/tr>\n<\/thead>\n<tbody class=\"row-striping row-hover\">\n<tr class=\"row-2\">\n\t<td class=\"column-1\">1. Vorsitzender<\/td><td class=\"column-2\">Martin Lehmann<\/td>\n<\/tr>\n<tr class=\"row-3\">\n\t<td class=\"column-1\">2. Vorsitzender<\/td><td class=\"column-2\">Peter Pickel<\/td>\n<\/tr>\n<tr class=\"row-4\">\n\t<td class=\"column-1\">Kassierer<\/td><td class=\"column-2\">J\u00f6rg Richter<\/td>\n<\/tr>\n<tr class=\"row-5\">\n\t<td class=\"column-1\">Schriftf\u00fchrer<\/td><td class=\"column-2\">Marco Lenz<\/td>\n<\/tr>\n<tr class=\"row-6\">\n\t<td class=\"column-1\">Spielleiter<\/td><td class=\"column-2\">Christian Schommer<\/td>\n<\/tr>\n<\/tbody>\n<\/table>\n<!-- #tablepress-32 from cache -->\n\n\n\n<div class=\"wp-block-uagb-advanced-heading uagb-block-b3c92672\"><h2 class=\"uagb-heading-text\">2020<\/h2><\/div>\n\n\n\n<table id=\"tablepress-31\" class=\"tablepress tablepress-id-31\">\n<thead>\n<tr class=\"row-1\">\n\t<th class=\"column-1\">Amt<\/th><th class=\"column-2\">Name<\/th>\n<\/tr>\n<\/thead>\n<tbody class=\"row-striping row-hover\">\n<tr class=\"row-2\">\n\t<td class=\"column-1\">1. Vorsitzender<\/td><td class=\"column-2\">Martin Lehmann<\/td>\n<\/tr>\n<tr class=\"row-3\">\n\t<td class=\"column-1\">2. Vorsitzender<\/td><td class=\"column-2\">Peter Pickel<\/td>\n<\/tr>\n<tr class=\"row-4\">\n\t<td class=\"column-1\">Kassierer<\/td><td class=\"column-2\">J\u00f6rg Richter<\/td>\n<\/tr>\n<tr class=\"row-5\">\n\t<td class=\"column-1\">Schriftf\u00fchrer<\/td><td class=\"column-2\">Marco Lenz<\/td>\n<\/tr>\n<tr class=\"row-6\">\n\t<td class=\"column-1\">Spielleiter<\/td><td class=\"column-2\">Christian Schommer<\/td>\n<\/tr>\n<\/tbody>\n<\/table>\n<!-- #tablepress-31 from cache -->\n\n\n\n<div class=\"wp-block-uagb-advanced-heading uagb-block-e4c466ff\"><h2 class=\"uagb-heading-text\">2018<\/h2><\/div>\n\n\n\n<table id=\"tablepress-30\" class=\"tablepress tablepress-id-30\">\n<thead>\n<tr class=\"row-1\">\n\t<th class=\"column-1\">Amt<\/th><th class=\"column-2\">Name<\/th>\n<\/tr>\n<\/thead>\n<tbody class=\"row-striping row-hover\">\n<tr class=\"row-2\">\n\t<td class=\"column-1\">1. Vorsitzender<\/td><td class=\"column-2\">Martin Lehmann<\/td>\n<\/tr>\n<tr class=\"row-3\">\n\t<td class=\"column-1\">2. Vorsitzender<\/td><td class=\"column-2\">Christian Schommer<\/td>\n<\/tr>\n<tr class=\"row-4\">\n\t<td class=\"column-1\">Kassierer<\/td><td class=\"column-2\">Frank Schneider<\/td>\n<\/tr>\n<tr class=\"row-5\">\n\t<td class=\"column-1\">Schriftf\u00fchrer<\/td><td class=\"column-2\">Marco Lenz<\/td>\n<\/tr>\n<tr class=\"row-6\">\n\t<td class=\"column-1\">Spielleiter<\/td><td class=\"column-2\">Uwe M\u00fcller<\/td>\n<\/tr>\n<\/tbody>\n<\/table>\n<!-- #tablepress-30 from cache -->\n\n\n\n<div class=\"wp-block-uagb-advanced-heading uagb-block-fc4281b9\"><h2 class=\"uagb-heading-text\">2017 (Erg\u00e4nzungswahl nach Schaffung des Amtes)<\/h2><\/div>\n\n\n\n<table id=\"tablepress-29\" class=\"tablepress tablepress-id-29\">\n<thead>\n<tr class=\"row-1\">\n\t<th class=\"column-1\">Amt<\/th><th class=\"column-2\">Name<\/th>\n<\/tr>\n<\/thead>\n<tbody class=\"row-striping row-hover\">\n<tr class=\"row-2\">\n\t<td class=\"column-1\">Spielleiter<\/td><td class=\"column-2\">Uwe M\u00fcller<\/td>\n<\/tr>\n<\/tbody>\n<\/table>\n<!-- #tablepress-29 from cache -->\n\n\n\n<div class=\"wp-block-uagb-advanced-heading uagb-block-eb114bd8\"><h2 class=\"uagb-heading-text\">2016<\/h2><\/div>\n\n\n\n<table id=\"tablepress-28\" class=\"tablepress tablepress-id-28\">\n<thead>\n<tr class=\"row-1\">\n\t<th class=\"column-1\">Amt<\/th><th class=\"column-2\">Name<\/th>\n<\/tr>\n<\/thead>\n<tbody class=\"row-striping row-hover\">\n<tr class=\"row-2\">\n\t<td class=\"column-1\">Pr\u00e4sident<\/td><td class=\"column-2\">Martin Lehmann<\/td>\n<\/tr>\n<tr class=\"row-3\">\n\t<td class=\"column-1\">Vizepr\u00e4sident<\/td><td class=\"column-2\">Alexander B\u00fcnker<\/td>\n<\/tr>\n<tr class=\"row-4\">\n\t<td class=\"column-1\">Kassierer<\/td><td class=\"column-2\">Frank Schneider<\/td>\n<\/tr>\n<tr class=\"row-5\">\n\t<td class=\"column-1\">Schriftf\u00fchrer<\/td><td class=\"column-2\">Marco Lenz<\/td>\n<\/tr>\n<\/tbody>\n<\/table>\n<!-- #tablepress-28 from cache -->\n\n\n\n<div class=\"wp-block-uagb-advanced-heading uagb-block-c3be1a39\"><h2 class=\"uagb-heading-text\">2014<\/h2><\/div>\n\n\n\n<table id=\"tablepress-27\" class=\"tablepress tablepress-id-27\">\n<thead>\n<tr class=\"row-1\">\n\t<th class=\"column-1\">Amt<\/th><th class=\"column-2\">Name<\/th>\n<\/tr>\n<\/thead>\n<tbody class=\"row-striping row-hover\">\n<tr class=\"row-2\">\n\t<td class=\"column-1\">Pr\u00e4sident<\/td><td class=\"column-2\">Martin Lehmann<\/td>\n<\/tr>\n<tr class=\"row-3\">\n\t<td class=\"column-1\">Vizepr\u00e4sident<\/td><td class=\"column-2\">Martin M\u00e4user<\/td>\n<\/tr>\n<tr class=\"row-4\">\n\t<td class=\"column-1\">Kassierer<\/td><td class=\"column-2\">Stefan Ogrodnik<\/td>\n<\/tr>\n<tr class=\"row-5\">\n\t<td class=\"column-1\">Schriftf\u00fchrer<\/td><td class=\"column-2\">Michael K\u00fcpper<\/td>\n<\/tr>\n<\/tbody>\n<\/table>\n<!-- #tablepress-27 from cache -->\n\n\n\n<div class=\"wp-block-uagb-advanced-heading uagb-block-0945758c\"><h2 class=\"uagb-heading-text\">2012<\/h2><\/div>\n\n\n\n<table id=\"tablepress-26\" class=\"tablepress tablepress-id-26\">\n<thead>\n<tr class=\"row-1\">\n\t<th class=\"column-1\">Amt<\/th><th class=\"column-2\">Name<\/th>\n<\/tr>\n<\/thead>\n<tbody class=\"row-striping row-hover\">\n<tr class=\"row-2\">\n\t<td class=\"column-1\">Pr\u00e4sident<\/td><td class=\"column-2\">Martin Lehmann<\/td>\n<\/tr>\n<tr class=\"row-3\">\n\t<td class=\"column-1\">Vizepr\u00e4sident<\/td><td class=\"column-2\">Martin M\u00e4user<\/td>\n<\/tr>\n<tr class=\"row-4\">\n\t<td class=\"column-1\">Kassierer<\/td><td class=\"column-2\">Stefan Ogrodnik<\/td>\n<\/tr>\n<tr class=\"row-5\">\n\t<td class=\"column-1\">Schriftf\u00fchrer<\/td><td class=\"column-2\">Uwe M\u00fcller<\/td>\n<\/tr>\n<\/tbody>\n<\/table>\n<!-- #tablepress-26 from cache -->\n\n\n\n<div class=\"wp-block-uagb-advanced-heading uagb-block-5a555d63\"><h2 class=\"uagb-heading-text\">2010<\/h2><\/div>\n\n\n\n<table id=\"tablepress-25\" class=\"tablepress tablepress-id-25\">\n<thead>\n<tr class=\"row-1\">\n\t<th class=\"column-1\">Amt<\/th><th class=\"column-2\">Name<\/th>\n<\/tr>\n<\/thead>\n<tbody class=\"row-striping row-hover\">\n<tr class=\"row-2\">\n\t<td class=\"column-1\">Pr\u00e4sident<\/td><td class=\"column-2\">Marco Jaschinski<\/td>\n<\/tr>\n<tr class=\"row-3\">\n\t<td class=\"column-1\">Vizepr\u00e4sident<\/td><td class=\"column-2\">Martin Lehmann<\/td>\n<\/tr>\n<tr class=\"row-4\">\n\t<td class=\"column-1\">Kassierer<\/td><td class=\"column-2\">Stefan Ogrodnik<\/td>\n<\/tr>\n<tr class=\"row-5\">\n\t<td class=\"column-1\">Schriftf\u00fchrer<\/td><td class=\"column-2\">J\u00f6rg Richter<\/td>\n<\/tr>\n<\/tbody>\n<\/table>\n<!-- #tablepress-25 from cache -->\n\n\n\n<div class=\"wp-block-uagb-advanced-heading uagb-block-bcfd1118\"><h2 class=\"uagb-heading-text\">2008<\/h2><\/div>\n\n\n\n<table id=\"tablepress-24\" class=\"tablepress tablepress-id-24\">\n<thead>\n<tr class=\"row-1\">\n\t<th class=\"column-1\">Amt<\/th><th class=\"column-2\">Name<\/th>\n<\/tr>\n<\/thead>\n<tbody class=\"row-striping row-hover\">\n<tr class=\"row-2\">\n\t<td class=\"column-1\">Pr\u00e4sident<\/td><td class=\"column-2\">Marco Jaschinski<\/td>\n<\/tr>\n<tr class=\"row-3\">\n\t<td class=\"column-1\">Vizepr\u00e4sident<\/td><td class=\"column-2\">J\u00f6rg Richter<\/td>\n<\/tr>\n<tr class=\"row-4\">\n\t<td class=\"column-1\">Kassierer<\/td><td class=\"column-2\">Michael Burg<\/td>\n<\/tr>\n<tr class=\"row-5\">\n\t<td class=\"column-1\">Schriftf\u00fchrer<\/td><td class=\"column-2\">Markus Klement<\/td>\n<\/tr>\n<\/tbody>\n<\/table>\n<!-- #tablepress-24 from cache -->\n\n\n\n<div class=\"wp-block-uagb-advanced-heading uagb-block-acc88596\"><h2 class=\"uagb-heading-text\">2006<\/h2><\/div>\n\n\n\n<table id=\"tablepress-23\" class=\"tablepress tablepress-id-23\">\n<thead>\n<tr class=\"row-1\">\n\t<th class=\"column-1\">Amt<\/th><th class=\"column-2\">Name<\/th>\n<\/tr>\n<\/thead>\n<tbody class=\"row-striping row-hover\">\n<tr class=\"row-2\">\n\t<td class=\"column-1\">Pr\u00e4sident<\/td><td class=\"column-2\">Marco Jaschinski<\/td>\n<\/tr>\n<tr class=\"row-3\">\n\t<td class=\"column-1\">Vizepr\u00e4sident<\/td><td class=\"column-2\">Ricardo Schatte<\/td>\n<\/tr>\n<tr class=\"row-4\">\n\t<td class=\"column-1\">Kassierer<\/td><td class=\"column-2\">Michael Burg<\/td>\n<\/tr>\n<tr class=\"row-5\">\n\t<td class=\"column-1\">Schriftf\u00fchrer<\/td><td class=\"column-2\">Uwe M\u00fcller<\/td>\n<\/tr>\n<\/tbody>\n<\/table>\n<!-- #tablepress-23 from cache -->\n\n\n\n<div class=\"wp-block-uagb-advanced-heading uagb-block-27381421\"><h2 class=\"uagb-heading-text\">2005 (Erg\u00e4nzungswahl nach Amtsenthebungsverfahren)<\/h2><\/div>\n\n\n\n<table id=\"tablepress-22\" class=\"tablepress tablepress-id-22\">\n<thead>\n<tr class=\"row-1\">\n\t<th class=\"column-1\">Amt<\/th><th class=\"column-2\">Name<\/th>\n<\/tr>\n<\/thead>\n<tbody class=\"row-striping row-hover\">\n<tr class=\"row-2\">\n\t<td class=\"column-1\">Vizepr\u00e4sident<\/td><td class=\"column-2\">Ricardo Schatte<\/td>\n<\/tr>\n<\/tbody>\n<\/table>\n<!-- #tablepress-22 from cache -->\n\n\n\n<div class=\"wp-block-uagb-advanced-heading uagb-block-bf140712\"><h2 class=\"uagb-heading-text\">2004<\/h2><\/div>\n\n\n\n<table id=\"tablepress-21\" class=\"tablepress tablepress-id-21\">\n<thead>\n<tr class=\"row-1\">\n\t<th class=\"column-1\">Amt<\/th><th class=\"column-2\">Name<\/th>\n<\/tr>\n<\/thead>\n<tbody class=\"row-striping row-hover\">\n<tr class=\"row-2\">\n\t<td class=\"column-1\">Pr\u00e4sident<\/td><td class=\"column-2\">Marco Jaschinski<\/td>\n<\/tr>\n<tr class=\"row-3\">\n\t<td class=\"column-1\">Vizepr\u00e4sident<\/td><td class=\"column-2\">Michael Kocherscheidt<\/td>\n<\/tr>\n<tr class=\"row-4\">\n\t<td class=\"column-1\">Kassierer<\/td><td class=\"column-2\">Michael Burg<\/td>\n<\/tr>\n<tr class=\"row-5\">\n\t<td class=\"column-1\">Schriftf\u00fchrer<\/td><td class=\"column-2\">Uwe M\u00fcller<\/td>\n<\/tr>\n<\/tbody>\n<\/table>\n<!-- #tablepress-21 from cache -->\n\n\n\n<div class=\"wp-block-uagb-advanced-heading uagb-block-b7c3087c\"><h2 class=\"uagb-heading-text\">2003 (Nach R\u00fccktritt des gesamten Pr\u00e4sidiums)<\/h2><\/div>\n\n\n\n<table id=\"tablepress-20\" class=\"tablepress tablepress-id-20\">\n<thead>\n<tr class=\"row-1\">\n\t<th class=\"column-1\">Amt<\/th><th class=\"column-2\">Name<\/th>\n<\/tr>\n<\/thead>\n<tbody class=\"row-striping row-hover\">\n<tr class=\"row-2\">\n\t<td class=\"column-1\">Pr\u00e4sident<\/td><td class=\"column-2\">Marco Jaschinski<\/td>\n<\/tr>\n<tr class=\"row-3\">\n\t<td class=\"column-1\">Vizepr\u00e4sident<\/td><td class=\"column-2\">Michael Kocherscheidt<\/td>\n<\/tr>\n<tr class=\"row-4\">\n\t<td class=\"column-1\">Kassierer<\/td><td class=\"column-2\">Michael Burg<\/td>\n<\/tr>\n<tr class=\"row-5\">\n\t<td class=\"column-1\">Schriftf\u00fchrer<\/td><td class=\"column-2\">Uwe M\u00fcller<\/td>\n<\/tr>\n<\/tbody>\n<\/table>\n<!-- #tablepress-20 from cache -->\n\n\n\n<div class=\"wp-block-uagb-advanced-heading uagb-block-15c43b22\"><h2 class=\"uagb-heading-text\">2002 (Kein Protokoll vorhanden, ergibt sich aus Protokoll 2003)<\/h2><\/div>\n\n\n\n<table id=\"tablepress-19\" class=\"tablepress tablepress-id-19\">\n<thead>\n<tr class=\"row-1\">\n\t<th class=\"column-1\">Amt<\/th><th class=\"column-2\">Name<\/th>\n<\/tr>\n<\/thead>\n<tbody class=\"row-striping row-hover\">\n<tr class=\"row-2\">\n\t<td class=\"column-1\">Kassierer<\/td><td class=\"column-2\">Wolfgang Michels<\/td>\n<\/tr>\n<\/tbody>\n<\/table>\n<!-- #tablepress-19 from cache -->\n\n\n\n<div class=\"wp-block-uagb-advanced-heading uagb-block-9677f445\"><h2 class=\"uagb-heading-text\">2001<\/h2><\/div>\n\n\n\n<table id=\"tablepress-18\" class=\"tablepress tablepress-id-18\">\n<thead>\n<tr class=\"row-1\">\n\t<th class=\"column-1\">Amt<\/th><th class=\"column-2\">Name<\/th>\n<\/tr>\n<\/thead>\n<tbody class=\"row-striping row-hover\">\n<tr class=\"row-2\">\n\t<td class=\"column-1\">Pr\u00e4sident<\/td><td class=\"column-2\">Thomas Rehme<\/td>\n<\/tr>\n<tr class=\"row-3\">\n\t<td class=\"column-1\">Vizepr\u00e4sident<\/td><td class=\"column-2\">Thomas Juber<\/td>\n<\/tr>\n<tr class=\"row-4\">\n\t<td class=\"column-1\">Kassierer<\/td><td class=\"column-2\">?<\/td>\n<\/tr>\n<tr class=\"row-5\">\n\t<td class=\"column-1\">Schriftf\u00fchrer<\/td><td class=\"column-2\">?<\/td>\n<\/tr>\n<\/tbody>\n<\/table>\n<!-- #tablepress-18 from cache -->\n\n\n\n<div class=\"wp-block-uagb-advanced-heading uagb-block-bca1e933\"><h2 class=\"uagb-heading-text\">1999<\/h2><\/div>\n\n\n\n<table id=\"tablepress-17\" class=\"tablepress tablepress-id-17\">\n<thead>\n<tr class=\"row-1\">\n\t<th class=\"column-1\">Amt<\/th><th class=\"column-2\">Name<\/th>\n<\/tr>\n<\/thead>\n<tbody class=\"row-striping row-hover\">\n<tr class=\"row-2\">\n\t<td class=\"column-1\">Pr\u00e4sident<\/td><td class=\"column-2\">Wolfgang Michels<\/td>\n<\/tr>\n<tr class=\"row-3\">\n\t<td class=\"column-1\">Vizepr\u00e4sident<\/td><td class=\"column-2\">Thomas Rehme<\/td>\n<\/tr>\n<tr class=\"row-4\">\n\t<td class=\"column-1\">Kassierer<\/td><td class=\"column-2\">B\u00e4rbel Becker<\/td>\n<\/tr>\n<tr class=\"row-5\">\n\t<td class=\"column-1\">Schriftf\u00fchrer<\/td><td class=\"column-2\">J\u00fcrgen Grosch<\/td>\n<\/tr>\n<\/tbody>\n<\/table>\n<!-- #tablepress-17 from cache -->\n\n\n\n<div class=\"wp-block-uagb-advanced-heading uagb-block-bb61d62d\"><h2 class=\"uagb-heading-text\">1997<\/h2><\/div>\n\n\n\n<table id=\"tablepress-16\" class=\"tablepress tablepress-id-16\">\n<thead>\n<tr class=\"row-1\">\n\t<th class=\"column-1\">Amt<\/th><th class=\"column-2\">Name<\/th>\n<\/tr>\n<\/thead>\n<tbody class=\"row-striping row-hover\">\n<tr class=\"row-2\">\n\t<td class=\"column-1\">Pr\u00e4sident<\/td><td class=\"column-2\">Wolfgang Michels<\/td>\n<\/tr>\n<tr class=\"row-3\">\n\t<td class=\"column-1\">Vizepr\u00e4sident<\/td><td class=\"column-2\">Uwe M\u00fcller<\/td>\n<\/tr>\n<tr class=\"row-4\">\n\t<td class=\"column-1\">Kassierer<\/td><td class=\"column-2\">B\u00e4rbel Becker<\/td>\n<\/tr>\n<tr class=\"row-5\">\n\t<td class=\"column-1\">Schriftf\u00fchrer<\/td><td class=\"column-2\">J\u00fcrgen Grosch<\/td>\n<\/tr>\n<\/tbody>\n<\/table>\n<!-- #tablepress-16 from cache -->\n\n\n\n<div class=\"wp-block-uagb-advanced-heading uagb-block-165558b6\"><h2 class=\"uagb-heading-text\">1995<\/h2><\/div>\n\n\n\n<table id=\"tablepress-15\" class=\"tablepress tablepress-id-15\">\n<thead>\n<tr class=\"row-1\">\n\t<th class=\"column-1\">Amt<\/th><th class=\"column-2\">Name<\/th>\n<\/tr>\n<\/thead>\n<tbody class=\"row-striping row-hover\">\n<tr class=\"row-2\">\n\t<td class=\"column-1\">Pr\u00e4sident<\/td><td class=\"column-2\">Wolfgang Michels<\/td>\n<\/tr>\n<tr class=\"row-3\">\n\t<td class=\"column-1\">Vizepr\u00e4sident<\/td><td class=\"column-2\">Thomas Schumann<\/td>\n<\/tr>\n<tr class=\"row-4\">\n\t<td class=\"column-1\">Kassierer<\/td><td class=\"column-2\">B\u00e4rbel Becker<\/td>\n<\/tr>\n<tr class=\"row-5\">\n\t<td class=\"column-1\">Schriftf\u00fchrer<\/td><td class=\"column-2\">Dieter Georg Hartenfels<\/td>\n<\/tr>\n<tr class=\"row-6\">\n\t<td class=\"column-1\">Ligaleiter 1<\/td><td class=\"column-2\">Hermann Lojal<\/td>\n<\/tr>\n<tr class=\"row-7\">\n\t<td class=\"column-1\">Ligaleiter 2<\/td><td class=\"column-2\">Peter Koch<\/td>\n<\/tr>\n<tr class=\"row-8\">\n\t<td class=\"column-1\">Ligaleiter 3<\/td><td class=\"column-2\">Anja P\u00fctz<\/td>\n<\/tr>\n<\/tbody>\n<\/table>\n<!-- #tablepress-15 from cache -->\n\n\n\n<div class=\"wp-block-uagb-advanced-heading uagb-block-2d31a457\"><h2 class=\"uagb-heading-text\">1993<\/h2><\/div>\n\n\n\n<table id=\"tablepress-14\" class=\"tablepress tablepress-id-14\">\n<thead>\n<tr class=\"row-1\">\n\t<th class=\"column-1\">Amt<\/th><th class=\"column-2\">Name<\/th>\n<\/tr>\n<\/thead>\n<tbody class=\"row-striping row-hover\">\n<tr class=\"row-2\">\n\t<td class=\"column-1\">Pr\u00e4sident<\/td><td class=\"column-2\">J\u00f6rg Seckler<\/td>\n<\/tr>\n<tr class=\"row-3\">\n\t<td class=\"column-1\">Vizepr\u00e4sident<\/td><td class=\"column-2\">Thomas Schumann<\/td>\n<\/tr>\n<tr class=\"row-4\">\n\t<td class=\"column-1\">Kassierer<\/td><td class=\"column-2\">B\u00e4rbel Becker<\/td>\n<\/tr>\n<tr class=\"row-5\">\n\t<td class=\"column-1\">Schriftf\u00fchrer<\/td><td class=\"column-2\">Martin Lehmann<\/td>\n<\/tr>\n<tr class=\"row-6\">\n\t<td class=\"column-1\">Ligaleiter 1<\/td><td class=\"column-2\">Dieter Georg Hartenfels<\/td>\n<\/tr>\n<tr class=\"row-7\">\n\t<td class=\"column-1\">Ligaleiter 2<\/td><td class=\"column-2\">Axel Lappas<\/td>\n<\/tr>\n<tr class=\"row-8\">\n\t<td class=\"column-1\">Ligaleiter 3<\/td><td class=\"column-2\">Wolfgang Michels<\/td>\n<\/tr>\n<\/tbody>\n<\/table>\n<!-- #tablepress-14 from cache -->\n\n\n\n<div class=\"wp-block-uagb-advanced-heading uagb-block-49e062b9\"><h2 class=\"uagb-heading-text\">1992<\/h2><\/div>\n\n\n\n<table id=\"tablepress-13\" class=\"tablepress tablepress-id-13\">\n<thead>\n<tr class=\"row-1\">\n\t<th class=\"column-1\">Amt<\/th><th class=\"column-2\">Name<\/th>\n<\/tr>\n<\/thead>\n<tbody class=\"row-striping row-hover\">\n<tr class=\"row-2\">\n\t<td class=\"column-1\">Pr\u00e4sident<\/td><td class=\"column-2\">Volker R\u00f6ttger<\/td>\n<\/tr>\n<tr class=\"row-3\">\n\t<td class=\"column-1\">Vizepr\u00e4sident<\/td><td class=\"column-2\">J\u00f6rg Seckler<\/td>\n<\/tr>\n<tr class=\"row-4\">\n\t<td class=\"column-1\">Kassierer<\/td><td class=\"column-2\">J\u00f6rg Seckler<\/td>\n<\/tr>\n<tr class=\"row-5\">\n\t<td class=\"column-1\">Schriftf\u00fchrer<\/td><td class=\"column-2\">Volker R\u00f6ttger<\/td>\n<\/tr>\n<tr class=\"row-6\">\n\t<td class=\"column-1\">Beisitzer<\/td><td class=\"column-2\">Dieter Georg Hartenfels<\/td>\n<\/tr>\n<tr class=\"row-7\">\n\t<td class=\"column-1\">Ligaleiter 1<\/td><td class=\"column-2\">Thomas Schumann<\/td>\n<\/tr>\n<tr class=\"row-8\">\n\t<td class=\"column-1\">Vizeligaleiter 1<\/td><td class=\"column-2\">Ralf Bauer<\/td>\n<\/tr>\n<tr class=\"row-9\">\n\t<td class=\"column-1\">Ligaleiter 2<\/td><td class=\"column-2\">Martin Lehmann<\/td>\n<\/tr>\n<tr class=\"row-10\">\n\t<td class=\"column-1\">Vizeligaleiter 2<\/td><td class=\"column-2\">Brigitte Pfnausch<\/td>\n<\/tr>\n<tr class=\"row-11\">\n\t<td class=\"column-1\">Ligaleiter 3<\/td><td class=\"column-2\">Axel Lappas<\/td>\n<\/tr>\n<tr class=\"row-12\">\n\t<td class=\"column-1\">Vizeligaleiter 3<\/td><td class=\"column-2\">?<\/td>\n<\/tr>\n<\/tbody>\n<\/table>\n<!-- #tablepress-13 from cache -->\n\n\n\n<div class=\"wp-block-uagb-advanced-heading uagb-block-2bf65cb3\"><h2 class=\"uagb-heading-text\">1991<\/h2><\/div>\n\n\n\n<table id=\"tablepress-12\" class=\"tablepress tablepress-id-12\">\n<thead>\n<tr class=\"row-1\">\n\t<th class=\"column-1\">Amt<\/th><th class=\"column-2\">Name<\/th>\n<\/tr>\n<\/thead>\n<tbody class=\"row-striping row-hover\">\n<tr class=\"row-2\">\n\t<td class=\"column-1\">Pr\u00e4sident<\/td><td class=\"column-2\">Volker R\u00f6ttger<\/td>\n<\/tr>\n<tr class=\"row-3\">\n\t<td class=\"column-1\">Vizepr\u00e4sident<\/td><td class=\"column-2\">J\u00f6rg Seckler<\/td>\n<\/tr>\n<tr class=\"row-4\">\n\t<td class=\"column-1\">Kassierer<\/td><td class=\"column-2\">J\u00f6rg Seckler<\/td>\n<\/tr>\n<tr class=\"row-5\">\n\t<td class=\"column-1\">Schriftf\u00fchrer<\/td><td class=\"column-2\">Volker R\u00f6ttger<\/td>\n<\/tr>\n<tr class=\"row-6\">\n\t<td class=\"column-1\">Beisitzer<\/td><td class=\"column-2\">?<\/td>\n<\/tr>\n<tr class=\"row-7\">\n\t<td class=\"column-1\">Ligaleiter 1<\/td><td class=\"column-2\">J\u00fcrgen Grosch<\/td>\n<\/tr>\n<tr class=\"row-8\">\n\t<td class=\"column-1\">Vizeligaleiter 1<\/td><td class=\"column-2\">?<\/td>\n<\/tr>\n<tr class=\"row-9\">\n\t<td class=\"column-1\">Ligaleiter 2<\/td><td class=\"column-2\">Thomas Schumann<\/td>\n<\/tr>\n<tr class=\"row-10\">\n\t<td class=\"column-1\">Ligaleiter 3<\/td><td class=\"column-2\">Andreas Hartenfels<\/td>\n<\/tr>\n<tr class=\"row-11\">\n\t<td class=\"column-1\">Vizeligaleiter 3<\/td><td class=\"column-2\">?<\/td>\n<\/tr>\n<\/tbody>\n<\/table>\n<!-- #tablepress-12 from cache -->\n\n\n\n<p>Aus der Zeit 1982 bis 1990 gibt es keine Aufzeichnungen<\/p>\n","protected":false},"excerpt":{"rendered":"<p>Alle Vorst\u00e4nde im \u00dcberblick 2024 2023 2022 2020 2018 2017 (Erg\u00e4nzungswahl nach Schaffung des Amtes) 2016 2014 2012 2010 2008 2006 2005 (Erg\u00e4nzungswahl nach Amtsenthebungsverfahren) 2004 2003 (Nach R\u00fccktritt des gesamten Pr\u00e4sidiums) 2002 (Kein Protokoll vorhanden, ergibt sich aus Protokoll 2003) 2001 1999 1997 1995 1993 1992 1991 Aus der Zeit 1982 bis 1990 gibt [&hellip;]<\/p>\n","protected":false},"author":1,"featured_media":0,"parent":0,"menu_order":125,"comment_status":"closed","ping_status":"closed","template":"","meta":{"_uag_custom_page_level_css":"","footnotes":""},"class_list":["post-1862","page","type-page","status-publish","hentry"],"uagb_featured_image_src":{"full":false,"thumbnail":false,"medium":false,"medium_large":false,"large":false,"1536x1536":false,"2048x2048":false},"uagb_author_info":{"display_name":"Tobias Assmann","author_link":"https:\/\/rhl-dart.de\/index.php\/author\/testuser\/"},"uagb_comment_info":0,"uagb_excerpt":"Alle Vorst\u00e4nde im \u00dcberblick 2024 2023 2022 2020 2018 2017 (Erg\u00e4nzungswahl nach Schaffung des Amtes) 2016 2014 2012 2010 2008 2006 2005 (Erg\u00e4nzungswahl nach Amtsenthebungsverfahren) 2004 2003 (Nach R\u00fccktritt des gesamten Pr\u00e4sidiums) 2002 (Kein Protokoll vorhanden, ergibt sich aus Protokoll 2003) 2001 1999 1997 1995 1993 1992 1991 Aus der Zeit 1982 bis 1990 gibt&hellip;","_links":{"self":[{"href":"https:\/\/rhl-dart.de\/index.php\/wp-json\/wp\/v2\/pages\/1862","targetHints":{"allow":["GET"]}}],"collection":[{"href":"https:\/\/rhl-dart.de\/index.php\/wp-json\/wp\/v2\/pages"}],"about":[{"href":"https:\/\/rhl-dart.de\/index.php\/wp-json\/wp\/v2\/types\/page"}],"author":[{"embeddable":true,"href":"https:\/\/rhl-dart.de\/index.php\/wp-json\/wp\/v2\/users\/1"}],"replies":[{"embeddable":true,"href":"https:\/\/rhl-dart.de\/index.php\/wp-json\/wp\/v2\/comments?post=1862"}],"version-history":[{"count":6,"href":"https:\/\/rhl-dart.de\/index.php\/wp-json\/wp\/v2\/pages\/1862\/revisions"}],"predecessor-version":[{"id":3398,"href":"https:\/\/rhl-dart.de\/index.php\/wp-json\/wp\/v2\/pages\/1862\/revisions\/3398"}],"wp:attachment":[{"href":"https:\/\/rhl-dart.de\/index.php\/wp-json\/wp\/v2\/media?parent=1862"}],"curies":[{"name":"wp","href":"https:\/\/api.w.org\/{rel}","templated":true}]}}