{"id":3014,"date":"2020-07-04T20:21:16","date_gmt":"2020-07-04T18:21:16","guid":{"rendered":"http:\/\/www.rhl-dart.de\/wp2020\/?page_id=3"},"modified":"2025-09-02T21:38:26","modified_gmt":"2025-09-02T19:38:26","slug":"datenschutzerklaerung-2","status":"publish","type":"page","link":"https:\/\/rhl-dart.de\/index.php\/datenschutzerklaerung-2\/","title":{"rendered":"Datenschutzerkl\u00e4rung"},"content":{"rendered":"\n<h2 class=\"wp-block-heading\">Allgemeines<\/h2>\n\n\n\n<p>Durch die Nutzung der Website der \u201eRhein-Hunsr\u00fcck-Liga e. V.\u201c erkl\u00e4rt sich der Besucher mit der Erhebung, Verarbeitung und Nutzung von Daten gem\u00e4\u00df der nachfolgenden Beschreibung einverstanden.<br>Die Website kann grunds\u00e4tzlich ohne Registrierung besucht werden. Dabei werden Daten, wie beispielsweise aufgerufene Seiten bzw. Namen der abgerufenen Datei, Datum und Uhrzeit bei Drittanbietern zwischengespeichert, ohne dass diese Daten unmittelbar auf Ihre Person bezogen werden.<br>Auf die Speicherung von Daten von Drittanbietern z.B. Webserverprovidern hat der Verein keinen Einfluss.<br>Die \u201eRhein-Hunsr\u00fcck-Liga e. V.\u201c erkl\u00e4rt, die Einhaltung der DSGVO nach bestem Wissen umzusetzen.<br>Anfragen zu gespeicherten Daten k\u00f6nnen jederzeit an unsere E-Mail Adresse gesendet werden.<\/p>\n\n\n\n<h2 class=\"wp-block-heading\">Cookies<\/h2>\n\n\n\n<p>Diese Website verwendet Cookies, die durch das Consent-Management-Tool WPConsent verwaltet werden. Cookies sind kleine Textdateien, die auf Ihrem Ger\u00e4t gespeichert werden, um die Funktionalit\u00e4t der Website zu verbessern, die Nutzung zu analysieren oder personalisierte Inhalte bereitzustellen. WPConsent erm\u00f6glicht es Ihnen, Ihre Einwilligung zur Verwendung von Cookies zu verwalten und diese jederzeit anzupassen oder zu widerrufen. Es werden nur die Cookies gesetzt, f\u00fcr die Sie Ihre Zustimmung gegeben haben. Sie k\u00f6nnen Ihre Cookie-Einstellungen \u00fcber das Consent-Banner auf unserer Website einsehen und \u00e4ndern. Weitere Informationen zu den verwendeten Cookies und deren Zweck k\u00f6nnen Sie in unserem Cookie-Banner oder auf Anfrage an unsere E-Mail-Adresse erhalten.<\/p>\n\n\n\n<h2 class=\"wp-block-heading\">Facebook<\/h2>\n\n\n\n<p>Unsere Website verwendet Funktionen von Facebook Inc., 1601 S. California Ave, Palo Alto, CA 94304, USA. Bei Aufruf unserer Website mit Facebook-Plug-Ins wird eine Verbindung zwischen Ihrem Browser und den Servern von Facebook aufgebaut. Dabei werden bereits Daten an Facebook \u00fcbertragen. Besitzen Sie einen Facebook-Account, k\u00f6nnen diese Daten damit verkn\u00fcpft werden. Wenn Sie keine Zuordnung dieser Daten zu Ihrem Facebook-Account w\u00fcnschen, loggen Sie sich bitte vor dem Besuch unserer Seite bei Facebook aus. Interaktionen, insbesondere das Nutzen einer Kommentarfunktion oder das Anklicken eines \u201eLike\u201c- oder \u201eTeilen\u201c-Buttons werden ebenfalls an Facebook weitergegeben.<br>Mehr erfahren Sie unter https:\/\/de-de.facebook.com\/about\/privacy.<\/p>\n\n\n\n<h2 class=\"wp-block-heading\">WhatsApp-Kanal<\/h2>\n\n\n\n<p>Die \u201eRhein-Hunsr\u00fcck-Liga e. V.\u201c betreibt einen WhatsApp-Kanal, um Informationen und Neuigkeiten zu teilen. Durch die Teilnahme am WhatsApp-Kanal erkl\u00e4ren Sie sich mit der Verarbeitung Ihrer personenbezogenen Daten durch WhatsApp (Meta Platforms Ireland Limited, 4 Grand Canal Square, Grand Canal Harbour, Dublin 2, Irland) einverstanden. Um den Kanal zu abonnieren, ist die Angabe Ihrer Telefonnummer erforderlich, die von WhatsApp verarbeitet wird. Der Verein hat keinen Einfluss auf die Datenverarbeitung durch WhatsApp, insbesondere auf die Weitergabe von Daten an Dritte. Wir empfehlen, die Datenschutzrichtlinien von WhatsApp vor der Nutzung des Kanals zu lesen: https:\/\/www.whatsapp.com\/legal\/privacy-policy. Wenn Sie den WhatsApp-Kanal nicht mehr nutzen m\u00f6chten, k\u00f6nnen Sie diesen jederzeit verlassen, um die weitere Verarbeitung Ihrer Daten zu beenden.<\/p>\n\n\n\n<h2 class=\"wp-block-heading\">Instagram<\/h2>\n\n\n\n<p>Unsere Website und unsere Kommunikation nutzen Funktionen von Instagram, einem Dienst der Meta Platforms Ireland Limited, 4 Grand Canal Square, Grand Canal Harbour, Dublin 2, Irland. Beim Besuch unseres Instagram-Profils oder bei Interaktionen mit unseren Inhalten (z. B. durch Liken, Kommentieren oder Teilen) werden Daten wie Ihr Nutzername, Profilinformationen oder Interaktionsdaten an Instagram \u00fcbermittelt. Wenn Sie ein Instagram-Konto besitzen, k\u00f6nnen diese Daten mit Ihrem Konto verkn\u00fcpft werden. Um eine Zuordnung zu verhindern, loggen Sie sich bitte vor dem Besuch unseres Profils bei Instagram aus. Der Verein hat keinen Einfluss auf die Datenverarbeitung durch Instagram. Weitere Informationen finden Sie in der Datenschutzrichtlinie von Instagram: https:\/\/privacycenter.instagram.com\/policy.<\/p>\n\n\n\n<h2 class=\"wp-block-heading\">Discord<\/h2>\n\n\n\n<p>Die \u201eRhein-Hunsr\u00fcck-Liga e. V.\u201c nutzt Discord, einen Dienst der Discord Inc., 444 De Haro Street, Suite 200, San Francisco, CA 94107, USA, um mit Mitgliedern und Interessierten zu kommunizieren. Durch die Teilnahme an unserem Discord-Server erkl\u00e4ren Sie sich mit der Verarbeitung Ihrer personenbezogenen Daten durch Discord einverstanden. Dazu geh\u00f6ren Daten wie Ihr Nutzername, Nachrichteninhalte, Server-Interaktionen oder andere von Ihnen freiwillig bereitgestellte Informationen. Der Verein hat keinen Einfluss auf die Datenverarbeitung durch Discord, insbesondere auf die Weitergabe von Daten an Dritte. Wir empfehlen, die Datenschutzrichtlinien von Discord vor der Nutzung zu lesen: https:\/\/discord.com\/privacy. Sie k\u00f6nnen den Discord-Server jederzeit verlassen, um die weitere Verarbeitung Ihrer Daten zu beenden.<\/p>\n\n\n\n<p><\/p>\n","protected":false},"excerpt":{"rendered":"<p>Allgemeines Durch die Nutzung der Website der \u201eRhein-Hunsr\u00fcck-Liga e. V.\u201c erkl\u00e4rt sich der Besucher mit der Erhebung, Verarbeitung und Nutzung von Daten gem\u00e4\u00df der nachfolgenden Beschreibung einverstanden.Die Website kann grunds\u00e4tzlich ohne Registrierung besucht werden. Dabei werden Daten, wie beispielsweise aufgerufene Seiten bzw. Namen der abgerufenen Datei, Datum und Uhrzeit bei Drittanbietern zwischengespeichert, ohne dass diese [&hellip;]<\/p>\n","protected":false},"author":1,"featured_media":0,"parent":0,"menu_order":60,"comment_status":"closed","ping_status":"open","template":"","meta":{"_uag_custom_page_level_css":"","footnotes":""},"class_list":["post-3014","page","type-page","status-publish","hentry"],"uagb_featured_image_src":{"full":false,"thumbnail":false,"medium":false,"medium_large":false,"large":false,"1536x1536":false,"2048x2048":false},"uagb_author_info":{"display_name":"Tobias Assmann","author_link":"https:\/\/rhl-dart.de\/index.php\/author\/testuser\/"},"uagb_comment_info":0,"uagb_excerpt":"Allgemeines Durch die Nutzung der Website der \u201eRhein-Hunsr\u00fcck-Liga e. V.\u201c erkl\u00e4rt sich der Besucher mit der Erhebung, Verarbeitung und Nutzung von Daten gem\u00e4\u00df der nachfolgenden Beschreibung einverstanden.Die Website kann grunds\u00e4tzlich ohne Registrierung besucht werden. Dabei werden Daten, wie beispielsweise aufgerufene Seiten bzw. Namen der abgerufenen Datei, Datum und Uhrzeit bei Drittanbietern zwischengespeichert, ohne dass diese&hellip;","_links":{"self":[{"href":"https:\/\/rhl-dart.de\/index.php\/wp-json\/wp\/v2\/pages\/3014","targetHints":{"allow":["GET"]}}],"collection":[{"href":"https:\/\/rhl-dart.de\/index.php\/wp-json\/wp\/v2\/pages"}],"about":[{"href":"https:\/\/rhl-dart.de\/index.php\/wp-json\/wp\/v2\/types\/page"}],"author":[{"embeddable":true,"href":"https:\/\/rhl-dart.de\/index.php\/wp-json\/wp\/v2\/users\/1"}],"replies":[{"embeddable":true,"href":"https:\/\/rhl-dart.de\/index.php\/wp-json\/wp\/v2\/comments?post=3014"}],"version-history":[{"count":2,"href":"https:\/\/rhl-dart.de\/index.php\/wp-json\/wp\/v2\/pages\/3014\/revisions"}],"predecessor-version":[{"id":3564,"href":"https:\/\/rhl-dart.de\/index.php\/wp-json\/wp\/v2\/pages\/3014\/revisions\/3564"}],"wp:attachment":[{"href":"https:\/\/rhl-dart.de\/index.php\/wp-json\/wp\/v2\/media?parent=3014"}],"curies":[{"name":"wp","href":"https:\/\/api.w.org\/{rel}","templated":true}]}}