{"id":3464,"date":"2025-05-06T01:21:59","date_gmt":"2025-05-05T23:21:59","guid":{"rendered":"https:\/\/rhl-dart-test.tobiassmann-it.de\/?page_id=3464"},"modified":"2025-09-10T22:38:27","modified_gmt":"2025-09-10T20:38:27","slug":"masters-2025","status":"publish","type":"page","link":"https:\/\/rhl-dart.de\/index.php\/masters-2025\/","title":{"rendered":"Masters &#8211; Was ist das?"},"content":{"rendered":"\t\t<div data-elementor-type=\"wp-page\" data-elementor-id=\"3464\" class=\"elementor elementor-3464\" wpc-filter-elementor-widget=\"1\">\n\t\t\t\t<div class=\"elementor-element elementor-element-55f6fbc3 e-flex e-con-boxed e-con e-parent\" data-id=\"55f6fbc3\" data-element_type=\"container\" data-e-type=\"container\">\n\t\t\t\t\t<div class=\"e-con-inner\">\n\t\t\t\t<div class=\"elementor-element elementor-element-7c8d81b2 elementor-widget elementor-widget-text-editor\" data-id=\"7c8d81b2\" data-element_type=\"widget\" data-e-type=\"widget\" data-widget_type=\"text-editor.default\">\n\t\t\t\t<div class=\"elementor-widget-container\">\n\t\t\t\t\t\t\t\t\t<h2 class=\"wp-block-heading\">\ud83c\udfc6 <strong>RHL-Masters \u2013 Offene Turnierserie<\/strong><\/h2>\n<p><!-- \/wp:heading --><!-- wp:paragraph --><\/p>\n<p>Die <strong>RHL-Masters<\/strong> ist eine offene Turnierserie f\u00fcr alle Dartbegeisterten \u2013 unabh\u00e4ngig von Vereinszugeh\u00f6rigkeit oder Spielniveau. Ziel ist die Qualifikation f\u00fcr ein gro\u00dfes Abschlussturnier, das sogenannte <strong>Masters<\/strong>, an dem die 16 besten Spieler:innen der Serie teilnehmen.<\/p>\n<p><!-- \/wp:paragraph --><!-- wp:heading {\"level\":3} --><\/p>\n<h3 class=\"wp-block-heading\">\ud83c\udfaf <strong>Turniermodus<\/strong><\/h3>\n<h3 class=\"wp-block-heading\"><strong>Spielart:<\/strong> 501 Single In \/ Double Out<\/h3>\n<h3 class=\"wp-block-heading\"><strong>Ablauf pro Spieltag:<\/strong><\/h3>\n<ul>\n<li class=\"wp-block-heading\"><!-- wp:list --><strong>Gewinner-Runde (GR):<\/strong> Best of 5 Legs (3 Gewinn-Legs)<\/li>\n<li class=\"wp-block-heading\"><strong>Loser-Runde (LR):<\/strong> Best of 3 Legs (2 Gewinn-Legs)\n<ul class=\"wp-block-list\"><!-- wp:list-item --><\/ul>\n<ul class=\"wp-block-list\"><!-- wp:list-item --><\/ul>\n<\/li>\n<\/ul>\n<p><!-- \/wp:heading --><!-- wp:list --><\/p>\n<p><!-- \/wp:list-item --><!-- wp:list-item --><\/p>\n<p><!-- \/wp:list-item --><!-- wp:list-item --><\/p>\n<p><!-- \/wp:list-item --><\/p>\n<p><!-- \/wp:list --><\/p>\n<p><!-- \/wp:list-item --><\/p>\n<h3 class=\"wp-block-heading\">\ud83d\udcb0 <strong>Teilnahmebedingungen<\/strong><\/h3>\n<ul>\n<li class=\"wp-block-heading\"><strong>Startgeld:<\/strong> 5 \u20ac pro Turnier<\/li>\n<li class=\"wp-block-heading\"><strong>Meldeschluss:<\/strong> jeweils 19:30 Uhr am Turniertag<br \/><br \/>Das Startgeld wird <strong>zu 100\u202f%<\/strong> in einen <strong>Masters-Jackpot<\/strong> eingezahlt<br \/><strong>Keine Preisgelder an den Qualifikationsspieltagen<\/strong><\/li>\n<\/ul>\n<p><!-- \/wp:heading --><!-- wp:list --><\/p>\n<ul class=\"wp-block-list\">\n<li style=\"list-style-type: none;\">\n<ul class=\"wp-block-list\"><!-- wp:list-item --><\/ul>\n<\/li>\n<\/ul>\n<p><!-- \/wp:list-item --><!-- wp:list-item --><\/p>\n<p><!-- \/wp:list-item --><!-- wp:list-item --><\/p>\n<p><!-- \/wp:list-item --><\/p>\n<p><!-- \/wp:list --><!-- wp:heading {\"level\":3,\"className\":\"\"} --><\/p>\n<h3 class=\"wp-block-heading\">\ud83d\udcca <strong>Wertung &amp; Qualifikationsbedingungen<\/strong><\/h3>\n<p><!-- \/wp:heading --><!-- wp:paragraph {\"className\":\"\"} --><\/p>\n<p>F\u00fcr die Aufnahme in die Rangliste und die Qualifikation zum Masters gelten folgende Regeln:<\/p>\n<p><!-- \/wp:paragraph --><!-- wp:list --><\/p>\n<ul class=\"wp-block-list\">\n<li style=\"list-style-type: none;\">\n<ul class=\"wp-block-list\"><!-- wp:list-item --><\/ul>\n<strong>Pflichtteilnahme:<\/strong><br \/>Um sich f\u00fcr das Masters-Finale zu qualifizieren, ist die <strong>Teilnahme an mindestens zwei Qualifikationsturnieren verpflichtend<\/strong>.<\/li>\n<\/ul>\n<p><!-- \/wp:list-item --><!-- wp:list-item --><\/p>\n<ul>\n<li style=\"list-style-type: none;\">\n<ul class=\"wp-block-list\">\n<li><strong>Punktevergabe:<\/strong>\n<ul class=\"wp-block-list\">\n<li>1. Platz: 45 Punkte<\/li>\n<li>2. Platz: 37 Punkte<\/li>\n<li>3. Platz: 34 Punkte<\/li>\n<li>4. Platz: 31 Punkte<\/li>\n<li>5. Platz: 28 Punkte<\/li>\n<li>7. Platz: 25 Punkte<\/li>\n<li>9. Platz: 22 Punkte<\/li>\n<li>13. Platz: 19 Punkte<\/li>\n<li>17. Platz: 16 Punkte<\/li>\n<li>25. Platz: 13 Punkte<\/li>\n<li>33. Platz: 10 Punkte<\/li>\n<li>49. Platz: 7 Punkte<\/li>\n<\/ul>\n<\/li>\n<\/ul>\n<\/li>\n<li style=\"list-style-type: none;\">\u00a0\n<ul class=\"wp-block-list\">\n<li><strong>Punktgleichheit:<\/strong><br \/>Bei gleicher Punktzahl in der Rangliste entscheidet:<!-- wp:list {\"ordered\":true} --><br \/>\n<ul class=\"wp-block-list\">\n<li style=\"list-style-type: none;\">\n<ol class=\"wp-block-list\"><!-- wp:list-item --><\/ol>\n<\/li>\n<\/ul>\n<ol class=\"wp-block-list\">\n<li style=\"list-style-type: none;\">\u00a0<\/li>\n<\/ol>\n<ul class=\"wp-block-list\">\n<li style=\"list-style-type: none;\">\u00a0<\/li>\n<\/ul>\n<p><!-- \/wp:list-item --><\/p>\n<p><!-- \/wp:list --><\/p>\n<\/li>\n<\/ul>\n<\/li>\n<\/ul>\n<p><!-- \/wp:list-item --><!-- wp:list-item --><\/p>\n<p><!-- \/wp:list-item --><\/p>\n<p><!-- \/wp:list --><!-- wp:heading {\"level\":3} --><\/p>\n<h3 class=\"wp-block-heading\">\ud83d\udcc5 <strong>Turnierserie &amp; Rangliste<\/strong><\/h3>\n<p><!-- \/wp:heading --><!-- wp:list --><\/p>\n<ul class=\"wp-block-list\">\n<li style=\"list-style-type: none;\">\n<ul class=\"wp-block-list\"><!-- wp:list-item --><\/ul>\nDie Serie besteht aus mehreren &#8211; in der Regel vier &#8211; <strong>offenen Qualifikationsturnieren (Spieltagen)<\/strong>.<\/li>\n<\/ul>\n<p><!-- \/wp:list-item --><!-- wp:list-item --><\/p>\n<ul class=\"wp-block-list\">\n<li style=\"list-style-type: none;\">\n<ul class=\"wp-block-list\">\n<li>Bei jedem Turnier sammeln die Teilnehmenden Punkte f\u00fcr eine <strong>Rangliste<\/strong>.<\/li>\n<\/ul>\n<\/li>\n<\/ul>\n<p><!-- \/wp:list-item --><!-- wp:list-item --><\/p>\n<ul class=\"wp-block-list\">\n<li style=\"list-style-type: none;\">\n<ul class=\"wp-block-list\">\n<li>Die Anzahl und Termine der Spieltage werden rechtzeitig bekannt gegeben.<\/li>\n<\/ul>\n<\/li>\n<\/ul>\n<p><!-- \/wp:list-item --><\/p>\n<p><!-- \/wp:list --><!-- wp:heading {\"level\":3} --><\/p>\n<h3 class=\"wp-block-heading\">\ud83c\udfc1 <strong>Masters-Finale<\/strong><\/h3>\n<ul>\n<li class=\"wp-block-heading\"><strong>Teilnahme:<\/strong> Die <strong>Top 16 der Rangliste<\/strong> qualifizieren sich automatisch\n<ul>\n<li class=\"wp-block-heading\">Jeder au\u00dferhalb der Top16 mit mindestens 2 Qualiteilnahmen gelten als Nachr\u00fccker. Sollte ein Teilnehmer aus den Top16 absagen, so r\u00fcckt der an P17 der Abschlusstabelle stehende auf die Position von demjenigen der absagt.\u00a0<\/li>\n<li>Es findet KEINE Umverteilung der Antrittsgelder, auch dann nicht sollte der Nachr\u00fccker mehr oder weniger Qualifikationsturniere mitgespielt haben.<\/li>\n<li class=\"wp-block-heading\">Bsp: Elias hat sich an Position 8 f\u00fcr das Masters qualifiziert, muss aber krankheitsbedingt absagen. Tobias hat die Rangliste auf Platz 17 abgeschlossen, bedeutet er w\u00fcrde als erster Nachr\u00fccker teilnehmen.\u00a0\n<ul class=\"wp-block-list\"><!-- wp:list-item --><\/ul>\n<\/li>\n<\/ul>\n<\/li>\n<\/ul>\n<p><!-- \/wp:heading --><!-- wp:list --><\/p>\n<p><!-- \/wp:list-item --><!-- wp:list-item --><\/p>\n<p><!-- \/wp:list-item --><!-- wp:list-item --><\/p>\n<ul class=\"wp-block-list\">\n<li style=\"list-style-type: none;\">\n<ul class=\"wp-block-list\">\n<li><strong>Der gesamte Jackpot wird im Masters ausgespielt<\/strong><\/li>\n<\/ul>\n<\/li>\n<\/ul>\n<p><!-- \/wp:list-item --><!-- wp:list-item --><\/p>\n<ul class=\"wp-block-list\">\n<li style=\"list-style-type: none;\">\n<ul class=\"wp-block-list\">\n<li><strong>Antrittsgeld Masters:<\/strong><br \/>Das Antrittsgeld f\u00fcr das Masters betr\u00e4gt 50\u202f% des gesamten Jackpots und wird vollst\u00e4ndig auf die 16 teilnehmenden Spieler verteilt \u2013 anteilig entsprechend der Anzahl ihrer gespielten Qualifikationsturniere:<\/li>\n<\/ul>\n<\/li>\n<\/ul>\n<p><!-- \/wp:list-item --><\/p>\n<p><!-- \/wp:list --><!-- wp:quote --><\/p>\n<blockquote class=\"wp-block-quote\">\n<p><strong>Beispiel aus der Saison 2024\/25:<br \/>Kilian hat an 3 von 4 Quali-Turnieren teilgenommen. W\u00e4hrend der Qualiphase sind insgesamt 655\u20ac an Startgeldern zusammen gekommen. Daraus resultiert ein Antrittsgeldanteil von 327,50\u20ac.<br \/><br \/>Insgesamt kommen die Top16 auf insgesamt 55 Teilnahmen. Daraus resultiert ein Basiswert von 5,95\u20ac pro Teilnahme. Dieser Basiswert wird jetzt mit den 3 Teilnahmen multipliziert, ergibt ein Antrittsgeld von 17,85\u20ac, dieser wird dann auf den n\u00e4chsten Euro aufgerundet.\u00a0<br \/><br \/>Bedeutet: Kilians Anteil am Startgeld betr\u00e4gt 18\u20ac<\/strong><\/p>\n<\/blockquote>\n<ul>\n<li style=\"list-style-type: none;\">\n<ul>\n<li>Die anderen 50% werden zzgl. einer festen Summe verteilt<\/li>\n<li>1. Platz:\u00a0 15% Startgeld + 80\u20ac Fixbetrag<\/li>\n<li>2. Platz: 10% Startgeld + 40\u20ac Fixbetrag<\/li>\n<li>3. Platz (2x): 7,5% Startgeld + 20\u20ac Fixbetrag<\/li>\n<li>5. Platz (4x): 2,5% + 10\u20ac Fixbetrag<\/li>\n<\/ul>\n<\/li>\n<\/ul>\n<p><!-- \/wp:quote --><!-- wp:heading {\"level\":3} --><\/p>\n<h3 class=\"wp-block-heading\">\u2705 <strong>Ziel der Turnierserie<\/strong><\/h3>\n<p><!-- \/wp:heading --><!-- wp:paragraph --><\/p>\n<p>Die RHL-Masters bieten allen Interessierten eine faire und spannende M\u00f6glichkeit, regelm\u00e4\u00dfig unter Wettkampfbedingungen zu spielen \u2013 mit dem gro\u00dfen Ziel, sich einen Platz im Masters-Finale und den Anteil am Jackpot zu sichern.<\/p>\n<p><!-- \/wp:paragraph --><!-- wp:image {\"id\":3007,\"sizeSlug\":\"full\",\"linkDestination\":\"none\"} --><\/p>\n<figure class=\"wp-block-image size-full\"><\/figure>\n<p><!-- \/wp:image --><\/p>\t\t\t\t\t\t\t\t<\/div>\n\t\t\t\t<\/div>\n\t\t\t\t\t<\/div>\n\t\t\t\t<\/div>\n\t\t<div class=\"elementor-element elementor-element-90c31de e-flex e-con-boxed e-con e-parent\" data-id=\"90c31de\" data-element_type=\"container\" data-e-type=\"container\">\n\t\t\t\t\t<div class=\"e-con-inner\">\n\t\t\t\t<div class=\"elementor-element elementor-element-26c1af8 elementor-widget elementor-widget-image\" data-id=\"26c1af8\" data-element_type=\"widget\" data-e-type=\"widget\" data-widget_type=\"image.default\">\n\t\t\t\t<div class=\"elementor-widget-container\">\n\t\t\t\t\t\t\t\t\t\t\t\t\t\t\t<img fetchpriority=\"high\" decoding=\"async\" width=\"640\" height=\"905\" src=\"https:\/\/rhl-dart.de\/wp-content\/uploads\/2025\/09\/Kopie-von-RHL-e.V.4-724x1024.png\" class=\"attachment-large size-large wp-image-4464\" alt=\"\" srcset=\"https:\/\/rhl-dart.de\/wp-content\/uploads\/2025\/09\/Kopie-von-RHL-e.V.4-724x1024.png 724w, https:\/\/rhl-dart.de\/wp-content\/uploads\/2025\/09\/Kopie-von-RHL-e.V.4-212x300.png 212w, https:\/\/rhl-dart.de\/wp-content\/uploads\/2025\/09\/Kopie-von-RHL-e.V.4-768x1086.png 768w, https:\/\/rhl-dart.de\/wp-content\/uploads\/2025\/09\/Kopie-von-RHL-e.V.4-1086x1536.png 1086w, https:\/\/rhl-dart.de\/wp-content\/uploads\/2025\/09\/Kopie-von-RHL-e.V.4-1448x2048.png 1448w, https:\/\/rhl-dart.de\/wp-content\/uploads\/2025\/09\/Kopie-von-RHL-e.V.4-scaled.png 1810w\" sizes=\"(max-width: 640px) 100vw, 640px\" \/>\t\t\t\t\t\t\t\t\t\t\t\t\t\t\t<\/div>\n\t\t\t\t<\/div>\n\t\t\t\t\t<\/div>\n\t\t\t\t<\/div>\n\t\t\t\t<\/div>\n\t\t","protected":false},"excerpt":{"rendered":"<p>\ud83c\udfc6 RHL-Masters \u2013 Offene Turnierserie Die RHL-Masters ist eine offene Turnierserie f\u00fcr alle Dartbegeisterten \u2013 unabh\u00e4ngig von Vereinszugeh\u00f6rigkeit oder Spielniveau. Ziel ist die Qualifikation f\u00fcr ein gro\u00dfes Abschlussturnier, das sogenannte Masters, an dem die 16 besten Spieler:innen der Serie teilnehmen. \ud83c\udfaf Turniermodus Spielart: 501 Single In \/ Double Out Ablauf pro Spieltag: Gewinner-Runde (GR): Best [&hellip;]<\/p>\n","protected":false},"author":1,"featured_media":0,"parent":0,"menu_order":63,"comment_status":"closed","ping_status":"closed","template":"","meta":{"_uag_custom_page_level_css":"","footnotes":""},"class_list":["post-3464","page","type-page","status-publish","hentry"],"uagb_featured_image_src":{"full":false,"thumbnail":false,"medium":false,"medium_large":false,"large":false,"1536x1536":false,"2048x2048":false},"uagb_author_info":{"display_name":"Tobias Assmann","author_link":"https:\/\/rhl-dart.de\/index.php\/author\/testuser\/"},"uagb_comment_info":0,"uagb_excerpt":"\ud83c\udfc6 RHL-Masters \u2013 Offene Turnierserie Die RHL-Masters ist eine offene Turnierserie f\u00fcr alle Dartbegeisterten \u2013 unabh\u00e4ngig von Vereinszugeh\u00f6rigkeit oder Spielniveau. Ziel ist die Qualifikation f\u00fcr ein gro\u00dfes Abschlussturnier, das sogenannte Masters, an dem die 16 besten Spieler:innen der Serie teilnehmen. \ud83c\udfaf Turniermodus Spielart: 501 Single In \/ Double Out Ablauf pro Spieltag: Gewinner-Runde (GR): Best&hellip;","_links":{"self":[{"href":"https:\/\/rhl-dart.de\/index.php\/wp-json\/wp\/v2\/pages\/3464","targetHints":{"allow":["GET"]}}],"collection":[{"href":"https:\/\/rhl-dart.de\/index.php\/wp-json\/wp\/v2\/pages"}],"about":[{"href":"https:\/\/rhl-dart.de\/index.php\/wp-json\/wp\/v2\/types\/page"}],"author":[{"embeddable":true,"href":"https:\/\/rhl-dart.de\/index.php\/wp-json\/wp\/v2\/users\/1"}],"replies":[{"embeddable":true,"href":"https:\/\/rhl-dart.de\/index.php\/wp-json\/wp\/v2\/comments?post=3464"}],"version-history":[{"count":24,"href":"https:\/\/rhl-dart.de\/index.php\/wp-json\/wp\/v2\/pages\/3464\/revisions"}],"predecessor-version":[{"id":4467,"href":"https:\/\/rhl-dart.de\/index.php\/wp-json\/wp\/v2\/pages\/3464\/revisions\/4467"}],"wp:attachment":[{"href":"https:\/\/rhl-dart.de\/index.php\/wp-json\/wp\/v2\/media?parent=3464"}],"curies":[{"name":"wp","href":"https:\/\/api.w.org\/{rel}","templated":true}]}}