{"id":3583,"date":"2025-05-08T23:38:54","date_gmt":"2025-05-08T21:38:54","guid":{"rendered":"https:\/\/rhl-dart-test.tobiassmann-it.de\/?page_id=3583"},"modified":"2025-09-02T21:38:26","modified_gmt":"2025-09-02T19:38:26","slug":"spielmodus-liga","status":"publish","type":"page","link":"https:\/\/rhl-dart.de\/index.php\/spielmodus-liga\/","title":{"rendered":"\ud83c\udfc6 Spielmodus \u2013 Ligaspiel"},"content":{"rendered":"\t\t<div data-elementor-type=\"wp-page\" data-elementor-id=\"3583\" class=\"elementor elementor-3583\" wpc-filter-elementor-widget=\"1\">\n\t\t\t\t<div class=\"elementor-element elementor-element-18216cd e-flex e-con-boxed e-con e-parent\" data-id=\"18216cd\" data-element_type=\"container\" data-e-type=\"container\">\n\t\t\t\t\t<div class=\"e-con-inner\">\n\t\t\t\t<div class=\"elementor-element elementor-element-1225bdd1 elementor-widget elementor-widget-text-editor\" data-id=\"1225bdd1\" data-element_type=\"widget\" data-e-type=\"widget\" data-widget_type=\"text-editor.default\">\n\t\t\t\t<div class=\"elementor-widget-container\">\n\t\t\t\t\t\t\t\t\t\n<h2 class=\"wp-block-heading\">\ud83c\udfaf <strong>Spielmodus \u2013 So l\u00e4uft ein Ligaspiel in der RHL ab<\/strong><\/h2>\n\n<p>Ein Ligaspiel in der Rhein Hunsr\u00fcck Liga (RHL) besteht aus insgesamt <strong>18 Spielen<\/strong> \u2013 davon <strong>16 Einzel<\/strong> und <strong>2 Doppel<\/strong>. Gespielt wird im klassischen <strong>501-Modus<\/strong> mit <strong>Single In \/ Double Out<\/strong>.<\/p>\n\n<h3 class=\"wp-block-heading\">\ud83d\udccb <strong>Ablauf eines Ligaspiels<\/strong><\/h3>\n\n<ul class=\"wp-block-list\">\n<li>Jedes Team tritt mit <strong>mindestens 4 Spieler:innen<\/strong> an.<\/li>\n\n<li>Jedes Team darf dar\u00fcberhinaus 4 Auswechselspieler aufstellen zzgl. maximal 1 Aushilfspieler aus einer Unterklassigen Mannschaft des Vereins<\/li>\n\n<li>Gespielt werden <strong>16 Einzel<\/strong> (je 1 gegen 1) und <strong>2 Doppel<\/strong> (je 2 gegen 2).<\/li>\n\n<li>Die Zuordnung der Spiele erfolgt \u00fcber den offiziellen <strong>Spielberichtsbogen<\/strong>. Theoretisch kann dann jeder Spieler der Startformation gegen jeden gegnerischen Spieler der Startformation spielen<\/li>\n\n<li><strong>Modus pro Partie:<\/strong> <em>Best of 5 Legs<\/em> \u2013 Wer zuerst 3 Legs gewinnt, entscheidet den Satz.<\/li>\n\n<li><strong>Punktevergabe:<\/strong> Jeder gewonnene Satz bringt dem Team <strong>1 Punkt.<\/strong><\/li>\n\n<li><strong>Sieg:<\/strong> Ab 10 Punkten (z.\u202fB. 10:8)<\/li>\n\n<li><strong>Unentschieden:<\/strong> Bei 9:9 Punkten<\/li>\n<\/ul>\n\n<h3 class=\"wp-block-heading\">\ud83e\uddfe <strong>Spielbericht \u2013 So wird das Ergebnis gemeldet<\/strong><\/h3>\n\n<p>Nach jedem Spieltag muss das Ergebnis an die Ligaleitung \u00fcbermittelt werden. Daf\u00fcr stehen zwei Wege zur Verf\u00fcgung:<\/p>\n\n<ol class=\"wp-block-list\">\n<li><strong>Ausf\u00fcllen des offiziellen Spielberichtsbogens (PDF\/Excel):<\/strong><br \/>Der Bogen wird h\u00e4ndisch ausgef\u00fcllt.<br \/><strong>Wichtig:<\/strong> In diesem Fall muss das Ergebnis zus\u00e4tzlich <strong>in die 2K-Dart Software \u00fcbertragen werden<\/strong>. Dies dient der zentralen Auswertung und Ver\u00f6ffentlichung der Ergebnisse.<br \/><br \/>Ein solches ausf\u00fcllen ist zum em<\/li>\n\n<li><strong>Direkte Eingabe in die 2K-Dart Software:<\/strong><br \/>Alternativ kann der gesamte Spielverlauf direkt digital \u00fcber 2K-Dart erfasst werden \u2013 damit entf\u00e4llt die manuelle \u00dcbertragung.<\/li>\n<\/ol>\n\n<p>\u00a0<\/p>\n\t\t\t\t\t\t\t\t<\/div>\n\t\t\t\t<\/div>\n\t\t\t\t\t<\/div>\n\t\t\t\t<\/div>\n\t\t\t\t<\/div>\n\t\t","protected":false},"excerpt":{"rendered":"<p>\ud83c\udfaf Spielmodus \u2013 So l\u00e4uft ein Ligaspiel in der RHL ab Ein Ligaspiel in der Rhein Hunsr\u00fcck Liga (RHL) besteht aus insgesamt 18 Spielen \u2013 davon 16 Einzel und 2 Doppel. Gespielt wird im klassischen 501-Modus mit Single In \/ Double Out. \ud83d\udccb Ablauf eines Ligaspiels \ud83e\uddfe Spielbericht \u2013 So wird das Ergebnis gemeldet Nach [&hellip;]<\/p>\n","protected":false},"author":1,"featured_media":0,"parent":0,"menu_order":122,"comment_status":"closed","ping_status":"closed","template":"","meta":{"_uag_custom_page_level_css":"","footnotes":""},"class_list":["post-3583","page","type-page","status-publish","hentry"],"uagb_featured_image_src":{"full":false,"thumbnail":false,"medium":false,"medium_large":false,"large":false,"1536x1536":false,"2048x2048":false},"uagb_author_info":{"display_name":"Tobias Assmann","author_link":"https:\/\/rhl-dart.de\/index.php\/author\/testuser\/"},"uagb_comment_info":0,"uagb_excerpt":"\ud83c\udfaf Spielmodus \u2013 So l\u00e4uft ein Ligaspiel in der RHL ab Ein Ligaspiel in der Rhein Hunsr\u00fcck Liga (RHL) besteht aus insgesamt 18 Spielen \u2013 davon 16 Einzel und 2 Doppel. Gespielt wird im klassischen 501-Modus mit Single In \/ Double Out. \ud83d\udccb Ablauf eines Ligaspiels \ud83e\uddfe Spielbericht \u2013 So wird das Ergebnis gemeldet Nach&hellip;","_links":{"self":[{"href":"https:\/\/rhl-dart.de\/index.php\/wp-json\/wp\/v2\/pages\/3583","targetHints":{"allow":["GET"]}}],"collection":[{"href":"https:\/\/rhl-dart.de\/index.php\/wp-json\/wp\/v2\/pages"}],"about":[{"href":"https:\/\/rhl-dart.de\/index.php\/wp-json\/wp\/v2\/types\/page"}],"author":[{"embeddable":true,"href":"https:\/\/rhl-dart.de\/index.php\/wp-json\/wp\/v2\/users\/1"}],"replies":[{"embeddable":true,"href":"https:\/\/rhl-dart.de\/index.php\/wp-json\/wp\/v2\/comments?post=3583"}],"version-history":[{"count":6,"href":"https:\/\/rhl-dart.de\/index.php\/wp-json\/wp\/v2\/pages\/3583\/revisions"}],"predecessor-version":[{"id":4348,"href":"https:\/\/rhl-dart.de\/index.php\/wp-json\/wp\/v2\/pages\/3583\/revisions\/4348"}],"wp:attachment":[{"href":"https:\/\/rhl-dart.de\/index.php\/wp-json\/wp\/v2\/media?parent=3583"}],"curies":[{"name":"wp","href":"https:\/\/api.w.org\/{rel}","templated":true}]}}