{"id":3585,"date":"2025-05-08T23:43:59","date_gmt":"2025-05-08T21:43:59","guid":{"rendered":"https:\/\/rhl-dart-test.tobiassmann-it.de\/?page_id=3585"},"modified":"2025-09-09T00:21:11","modified_gmt":"2025-09-08T22:21:11","slug":"%f0%9f%8f%86-spielmodus-rhl-pokalspiele","status":"publish","type":"page","link":"https:\/\/rhl-dart.de\/index.php\/%f0%9f%8f%86-spielmodus-rhl-pokalspiele\/","title":{"rendered":"\ud83c\udfc6 Spielmodus \u2013 RHL-Pokalspiele"},"content":{"rendered":"\n<p>Die Pokalspiele der Rhein Hunsr\u00fcck Liga (RHL) werden im K.-o.-System ausgetragen. Jedes Spiel entscheidet \u00fcber das Weiterkommen \u2013 unabh\u00e4ngig von der Ligatabelle.<\/p>\n\n\n\n<h3 class=\"wp-block-heading\">\ud83d\udccb <strong>Ablauf eines Pokalspiels<\/strong><\/h3>\n\n\n\n<ul class=\"wp-block-list\">\n<li><strong>Teilnehmende Teams:<\/strong> Zwei Mannschaften treten gegeneinander an.<\/li>\n\n\n\n<li><strong>Spielanzahl:<\/strong> Gespielt werden <strong>16 Einzelspiele<\/strong> \u2013 <strong>alle 16 werden vollst\u00e4ndig ausgespielt<\/strong>, auch wenn ein Team fr\u00fchzeitig rechnerisch nicht mehr aufholen kann.<\/li>\n\n\n\n<li><strong>Modus:<\/strong> 501 Punkte \u2013 <em>Single In \/ Double Out<\/em>, <strong>Best of 5 Legs<\/strong> pro Einzel.<\/li>\n\n\n\n<li><strong>Punktevergabe:<\/strong> Jedes gewonnene Einzel z\u00e4hlt <strong>1 Punkt<\/strong>.<\/li>\n<\/ul>\n\n\n\n<h3 class=\"wp-block-heading\">\u2696\ufe0f <strong>Entscheidung bei Unentschieden<\/strong><\/h3>\n\n\n\n<ul class=\"wp-block-list\">\n<li><strong>Unentschieden (8:8):<\/strong> Bei Punktgleichstand nach 16 Einzeln entscheidet ein zus\u00e4tzliches <strong>Teamgame<\/strong>:\n<ul class=\"wp-block-list\">\n<li><strong>Teilnehmer:<\/strong> 4 Spieler:innen pro Team (Spielberechtigt ist das 4er-Team welches auch in Block 4) gespielt hat<\/li>\n\n\n\n<li><strong>Spielmodus:<\/strong> 1001, <em>Single In \/ Double Out<\/em><\/li>\n\n\n\n<li><strong>Modus:<\/strong> <em>Best of 3 Legs<\/em> \u2013 das Team mit 2 gewonnenen Legs gewinnt das Spiel.<\/li>\n<\/ul>\n<\/li>\n<\/ul>\n\n\n\n<h3 class=\"wp-block-heading\">\ud83c\udfc1 <strong>Besonderheit im Pokalfinale<\/strong><\/h3>\n\n\n\n<ul class=\"wp-block-list\">\n<li>Das Pokalfinale wird im FinalFour-Modus ausgetragen. Halbfinale und Finale finden am gleichen Tag und gleichen Ort statt. Die Halbfinals werden parallel ausgetragen. Danach folgt das Finale.<\/li>\n\n\n\n<li>Im <strong>Finale<\/strong> gilt die Sonderregel: <strong>&#8222;First to 9&#8220;<\/strong> \u2013 sobald ein Team 9 Spiele gewonnen hat, ist das Finale entschieden.<\/li>\n\n\n\n<li>Die restlichen Einzel werden in diesem Fall <strong>nicht mehr ausgespielt<\/strong>.<\/li>\n<\/ul>\n\n\n\n<h3 class=\"wp-block-heading\">\ud83e\uddfe <strong>Spielbericht &amp; Ergebnismeldung<\/strong><\/h3>\n\n\n\n<p>Die Ergebnisse werden wie folgt \u00fcbermittelt:<\/p>\n\n\n\n<ol class=\"wp-block-list\">\n<li><strong>Spielberichtsbogen (PDF\/Excel):<\/strong><br>Wird h\u00e4ndisch ausgef\u00fcllt, unterschrieben und anschlie\u00dfend als Foto oder Scan eingereicht.<br>\u27a4 <strong>Wichtig:<\/strong> Der Bericht muss anschlie\u00dfend <strong>in die 2K-Dart Software \u00fcbertragen<\/strong> werden.<\/li>\n\n\n\n<li><strong>Digitale Eingabe via 2K-Dart:<\/strong><br>Der gesamte Spielverlauf kann direkt digital \u00fcber die Plattform erfasst werden \u2013 keine zus\u00e4tzliche \u00dcbertragung notwendig.<\/li>\n<\/ol>\n","protected":false},"excerpt":{"rendered":"<p>Die Pokalspiele der Rhein Hunsr\u00fcck Liga (RHL) werden im K.-o.-System ausgetragen. Jedes Spiel entscheidet \u00fcber das Weiterkommen \u2013 unabh\u00e4ngig von der Ligatabelle. \ud83d\udccb Ablauf eines Pokalspiels \u2696\ufe0f Entscheidung bei Unentschieden \ud83c\udfc1 Besonderheit im Pokalfinale \ud83e\uddfe Spielbericht &amp; Ergebnismeldung Die Ergebnisse werden wie folgt \u00fcbermittelt:<\/p>\n","protected":false},"author":1,"featured_media":0,"parent":0,"menu_order":123,"comment_status":"closed","ping_status":"closed","template":"","meta":{"_uag_custom_page_level_css":"","footnotes":""},"class_list":["post-3585","page","type-page","status-publish","hentry"],"uagb_featured_image_src":{"full":false,"thumbnail":false,"medium":false,"medium_large":false,"large":false,"1536x1536":false,"2048x2048":false},"uagb_author_info":{"display_name":"Tobias Assmann","author_link":"https:\/\/rhl-dart.de\/index.php\/author\/testuser\/"},"uagb_comment_info":0,"uagb_excerpt":"Die Pokalspiele der Rhein Hunsr\u00fcck Liga (RHL) werden im K.-o.-System ausgetragen. Jedes Spiel entscheidet \u00fcber das Weiterkommen \u2013 unabh\u00e4ngig von der Ligatabelle. \ud83d\udccb Ablauf eines Pokalspiels \u2696\ufe0f Entscheidung bei Unentschieden \ud83c\udfc1 Besonderheit im Pokalfinale \ud83e\uddfe Spielbericht &amp; Ergebnismeldung Die Ergebnisse werden wie folgt \u00fcbermittelt:","_links":{"self":[{"href":"https:\/\/rhl-dart.de\/index.php\/wp-json\/wp\/v2\/pages\/3585","targetHints":{"allow":["GET"]}}],"collection":[{"href":"https:\/\/rhl-dart.de\/index.php\/wp-json\/wp\/v2\/pages"}],"about":[{"href":"https:\/\/rhl-dart.de\/index.php\/wp-json\/wp\/v2\/types\/page"}],"author":[{"embeddable":true,"href":"https:\/\/rhl-dart.de\/index.php\/wp-json\/wp\/v2\/users\/1"}],"replies":[{"embeddable":true,"href":"https:\/\/rhl-dart.de\/index.php\/wp-json\/wp\/v2\/comments?post=3585"}],"version-history":[{"count":6,"href":"https:\/\/rhl-dart.de\/index.php\/wp-json\/wp\/v2\/pages\/3585\/revisions"}],"predecessor-version":[{"id":4459,"href":"https:\/\/rhl-dart.de\/index.php\/wp-json\/wp\/v2\/pages\/3585\/revisions\/4459"}],"wp:attachment":[{"href":"https:\/\/rhl-dart.de\/index.php\/wp-json\/wp\/v2\/media?parent=3585"}],"curies":[{"name":"wp","href":"https:\/\/api.w.org\/{rel}","templated":true}]}}