{"id":3849,"date":"2025-05-15T19:26:48","date_gmt":"2025-05-15T17:26:48","guid":{"rendered":"https:\/\/rhl-dart-test.tobiassmann-it.de\/?page_id=3849"},"modified":"2025-09-10T22:43:51","modified_gmt":"2025-09-10T20:43:51","slug":"kontaktformular","status":"publish","type":"page","link":"https:\/\/rhl-dart.de\/index.php\/kontaktformular\/","title":{"rendered":"Kontaktformular"},"content":{"rendered":"\n<p><strong>\ud83d\udce2 Hinweis zum Kontakt mit dem Vorstand:<\/strong><br>Anfragen an den Vorstand der RHL Dart werden ausschlie\u00dflich \u00fcber die folgende E-Mail-Adresse \ud83d\udce7 <a href=\"mailto:info@rhl-dart.de\">info@rhl-dart.de<\/a> oder \u00fcber dieses \ud83d\udce8 Kontaktformular entgegengenommen.<\/p>\n\n\n\n<p><mark style=\"background-color:rgba(0, 0, 0, 0)\" class=\"has-inline-color has-vivid-red-color\"><strong>\u2757Wichtig: <\/strong>Anfragen oder Mitteilungen, die \u00fcber WhatsApp \ud83d\udcf1, soziale Netzwerke \ud83c\udf10 oder andere Kommunikationswege eingehen, werden nicht ber\u00fccksichtigt und bleiben unbeantwortet.<\/mark><br><br>Vielen Dank f\u00fcr euer Verst\u00e4ndnis \ud83d\ude4f<\/p>\n\n\n<style id=\"wpforms-css-vars-3121-block-3b0ac0e4-9c21-4461-b7df-34e5fea81db7\">\n\t\t\t\t#wpforms-3121.wpforms-block-3b0ac0e4-9c21-4461-b7df-34e5fea81db7 {\n\t\t\t\t--wpforms-field-size-input-height: 43px;\n--wpforms-field-size-input-spacing: 15px;\n--wpforms-field-size-font-size: 16px;\n--wpforms-field-size-line-height: 19px;\n--wpforms-field-size-padding-h: 14px;\n--wpforms-field-size-checkbox-size: 16px;\n--wpforms-field-size-sublabel-spacing: 5px;\n--wpforms-field-size-icon-size: 1;\n--wpforms-label-size-font-size: 16px;\n--wpforms-label-size-line-height: 19px;\n--wpforms-label-size-sublabel-font-size: 14px;\n--wpforms-label-size-sublabel-line-height: 17px;\n--wpforms-button-size-font-size: 17px;\n--wpforms-button-size-height: 41px;\n--wpforms-button-size-padding-h: 15px;\n--wpforms-button-size-margin-top: 10px;\n--wpforms-container-shadow-size-box-shadow: none;\n\n\t\t\t}\n\t\t\t<\/style><div class=\"wpforms-container wpforms-container-full wpforms-block wpforms-block-3b0ac0e4-9c21-4461-b7df-34e5fea81db7 wpforms-render-modern\" id=\"wpforms-3121\"><form id=\"wpforms-form-3121\" class=\"wpforms-validate wpforms-form wpforms-ajax-form\" data-formid=\"3121\" method=\"post\" enctype=\"multipart\/form-data\" action=\"\/index.php\/wp-json\/wp\/v2\/pages\/3849\" data-token=\"8749bebc0814334e1086db3d735c4889\" data-token-time=\"1778070459\"><noscript class=\"wpforms-error-noscript\">Bitte aktiviere JavaScript in deinem Browser, um dieses Formular fertigzustellen.<\/noscript><div id=\"wpforms-error-noscript\" style=\"display: none;\">Bitte aktiviere JavaScript in deinem Browser, um dieses Formular fertigzustellen.<\/div><div class=\"wpforms-field-container\"><div id=\"wpforms-3121-field_6-container\" class=\"wpforms-field wpforms-field-select wpforms-field-select-style-classic\" data-field-id=\"6\"><label class=\"wpforms-field-label\" for=\"wpforms-3121-field_6\">Grund des Anliegens<\/label><select id=\"wpforms-3121-field_6\" class=\"wpforms-field-medium\" name=\"wpforms[fields][6]\"><option value=\"Allgemeine Anfrage\" >Allgemeine Anfrage<\/option><option value=\"Beschwerde\" >Beschwerde<\/option><option value=\"Regelkunde\" >Regelkunde<\/option><option value=\"Kassenangelegenheiten\" >Kassenangelegenheiten<\/option><option value=\"Spielgeschehen\" >Spielgeschehen<\/option><\/select><\/div><div id=\"wpforms-3121-field_1-container\" class=\"wpforms-field wpforms-field-name\" data-field-id=\"1\"><fieldset><legend class=\"wpforms-field-label\">Name <span class=\"wpforms-required-label\" aria-hidden=\"true\">*<\/span><\/legend><div class=\"wpforms-field-row wpforms-field-medium\"><div class=\"wpforms-field-row-block wpforms-first wpforms-one-half\"><input type=\"text\" id=\"wpforms-3121-field_1\" class=\"wpforms-field-name-first wpforms-field-required\" name=\"wpforms[fields][1][first]\" aria-errormessage=\"wpforms-3121-field_1-error\" required><label for=\"wpforms-3121-field_1\" class=\"wpforms-field-sublabel after\">Vorname<\/label><\/div><div class=\"wpforms-field-row-block wpforms-one-half\"><input type=\"text\" id=\"wpforms-3121-field_1-last\" class=\"wpforms-field-name-last wpforms-field-required\" name=\"wpforms[fields][1][last]\" aria-errormessage=\"wpforms-3121-field_1-last-error\" required><label for=\"wpforms-3121-field_1-last\" class=\"wpforms-field-sublabel after\">Nachname<\/label><\/div><\/div><\/fieldset><\/div><div id=\"wpforms-3121-field_3-container\" class=\"wpforms-field wpforms-field-textarea\" data-field-id=\"3\"><label class=\"wpforms-field-label\" for=\"wpforms-3121-field_3\">Kommentar oder Nachricht<\/label><textarea id=\"wpforms-3121-field_3\" class=\"wpforms-field-medium\" name=\"wpforms[fields][3]\" aria-errormessage=\"wpforms-3121-field_3-error\" ><\/textarea><\/div>\t\t<div id=\"wpforms-3121-field_4-container\"\n\t\t\tclass=\"wpforms-field wpforms-field-text\"\n\t\t\tdata-field-type=\"text\"\n\t\t\tdata-field-id=\"4\"\n\t\t\t>\n\t\t\t<label class=\"wpforms-field-label\" for=\"wpforms-3121-field_4\" >Anliegens Nachricht oder<\/label>\n\t\t\t<input type=\"text\" id=\"wpforms-3121-field_4\" class=\"wpforms-field-medium\" name=\"wpforms[fields][4]\" >\n\t\t<\/div>\n\t\t<div id=\"wpforms-3121-field_2-container\" class=\"wpforms-field wpforms-field-email\" data-field-id=\"2\"><label class=\"wpforms-field-label\" for=\"wpforms-3121-field_2\">E-Mail-Adresse <span class=\"wpforms-required-label\" aria-hidden=\"true\">*<\/span><\/label><input type=\"email\" id=\"wpforms-3121-field_2\" class=\"wpforms-field-medium wpforms-field-required\" name=\"wpforms[fields][2]\" spellcheck=\"false\" aria-errormessage=\"wpforms-3121-field_2-error\" required><\/div><script>\n\t\t\t\t( function() {\n\t\t\t\t\tconst style = document.createElement( 'style' );\n\t\t\t\t\tstyle.appendChild( document.createTextNode( '#wpforms-3121-field_4-container { position: absolute !important; overflow: hidden !important; display: inline !important; height: 1px !important; width: 1px !important; z-index: -1000 !important; padding: 0 !important; } #wpforms-3121-field_4-container input { visibility: hidden; } #wpforms-conversational-form-page #wpforms-3121-field_4-container label { counter-increment: none; }' ) );\n\t\t\t\t\tdocument.head.appendChild( style );\n\t\t\t\t\tdocument.currentScript?.remove();\n\t\t\t\t} )();\n\t\t\t<\/script><\/div><!-- .wpforms-field-container --><div class=\"wpforms-recaptcha-container wpforms-is-recaptcha wpforms-is-recaptcha-type-v2\" ><div class=\"g-recaptcha\" data-sitekey=\"6LdAZissAAAAAGVcqeD7G1bbaJar8u1AdQ6OfYv5\"><\/div><input type=\"text\" name=\"g-recaptcha-hidden\" class=\"wpforms-recaptcha-hidden\" style=\"position:absolute!important;clip:rect(0,0,0,0)!important;height:1px!important;width:1px!important;border:0!important;overflow:hidden!important;padding:0!important;margin:0!important;\" data-rule-recaptcha=\"1\"><\/div><div class=\"wpforms-submit-container\" ><input type=\"hidden\" name=\"wpforms[id]\" value=\"3121\"><input type=\"hidden\" name=\"page_title\" value=\"\"><input type=\"hidden\" name=\"page_url\" value=\"https:\/\/rhl-dart.de\/index.php\/wp-json\/wp\/v2\/pages\/3849\"><input type=\"hidden\" name=\"url_referer\" value=\"\"><button type=\"submit\" name=\"wpforms[submit]\" id=\"wpforms-submit-3121\" class=\"wpforms-submit\" data-alt-text=\"Wird gesendet\u00a0\u2026\" data-submit-text=\"Absenden\" aria-live=\"assertive\" value=\"wpforms-submit\">Absenden<\/button><img decoding=\"async\" src=\"https:\/\/rhl-dart.de\/wp-content\/plugins\/wpforms\/assets\/images\/submit-spin.svg\" class=\"wpforms-submit-spinner\" style=\"display: none;\" width=\"26\" height=\"26\" alt=\"Wird geladen\"><\/div><\/form><\/div>  <!-- .wpforms-container -->","protected":false},"excerpt":{"rendered":"<p>\ud83d\udce2 Hinweis zum Kontakt mit dem Vorstand:Anfragen an den Vorstand der RHL Dart werden ausschlie\u00dflich \u00fcber die folgende E-Mail-Adresse \ud83d\udce7 info@rhl-dart.de oder \u00fcber dieses \ud83d\udce8 Kontaktformular entgegengenommen. \u2757Wichtig: Anfragen oder Mitteilungen, die \u00fcber WhatsApp \ud83d\udcf1, soziale Netzwerke \ud83c\udf10 oder andere Kommunikationswege eingehen, werden nicht ber\u00fccksichtigt und bleiben unbeantwortet. Vielen Dank f\u00fcr euer Verst\u00e4ndnis \ud83d\ude4f<\/p>\n","protected":false},"author":1,"featured_media":0,"parent":0,"menu_order":59,"comment_status":"closed","ping_status":"closed","template":"","meta":{"_uag_custom_page_level_css":"","footnotes":""},"class_list":["post-3849","page","type-page","status-publish","hentry"],"uagb_featured_image_src":{"full":false,"thumbnail":false,"medium":false,"medium_large":false,"large":false,"1536x1536":false,"2048x2048":false},"uagb_author_info":{"display_name":"Tobias Assmann","author_link":"https:\/\/rhl-dart.de\/index.php\/author\/testuser\/"},"uagb_comment_info":0,"uagb_excerpt":"\ud83d\udce2 Hinweis zum Kontakt mit dem Vorstand:Anfragen an den Vorstand der RHL Dart werden ausschlie\u00dflich \u00fcber die folgende E-Mail-Adresse \ud83d\udce7 info@rhl-dart.de oder \u00fcber dieses \ud83d\udce8 Kontaktformular entgegengenommen. \u2757Wichtig: Anfragen oder Mitteilungen, die \u00fcber WhatsApp \ud83d\udcf1, soziale Netzwerke \ud83c\udf10 oder andere Kommunikationswege eingehen, werden nicht ber\u00fccksichtigt und bleiben unbeantwortet. Vielen Dank f\u00fcr euer Verst\u00e4ndnis \ud83d\ude4f","_links":{"self":[{"href":"https:\/\/rhl-dart.de\/index.php\/wp-json\/wp\/v2\/pages\/3849","targetHints":{"allow":["GET"]}}],"collection":[{"href":"https:\/\/rhl-dart.de\/index.php\/wp-json\/wp\/v2\/pages"}],"about":[{"href":"https:\/\/rhl-dart.de\/index.php\/wp-json\/wp\/v2\/types\/page"}],"author":[{"embeddable":true,"href":"https:\/\/rhl-dart.de\/index.php\/wp-json\/wp\/v2\/users\/1"}],"replies":[{"embeddable":true,"href":"https:\/\/rhl-dart.de\/index.php\/wp-json\/wp\/v2\/comments?post=3849"}],"version-history":[{"count":3,"href":"https:\/\/rhl-dart.de\/index.php\/wp-json\/wp\/v2\/pages\/3849\/revisions"}],"predecessor-version":[{"id":4469,"href":"https:\/\/rhl-dart.de\/index.php\/wp-json\/wp\/v2\/pages\/3849\/revisions\/4469"}],"wp:attachment":[{"href":"https:\/\/rhl-dart.de\/index.php\/wp-json\/wp\/v2\/media?parent=3849"}],"curies":[{"name":"wp","href":"https:\/\/api.w.org\/{rel}","templated":true}]}}