{"id":4278,"date":"2025-07-29T21:08:20","date_gmt":"2025-07-29T19:08:20","guid":{"rendered":"https:\/\/rhl-dart.de\/?page_id=4278"},"modified":"2026-04-12T19:59:32","modified_gmt":"2026-04-12T17:59:32","slug":"saison-2025-26","status":"publish","type":"page","link":"https:\/\/rhl-dart.de\/index.php\/saison-2025-26\/","title":{"rendered":"Unsere Neulinge"},"content":{"rendered":"\t\t<div data-elementor-type=\"wp-page\" data-elementor-id=\"4278\" class=\"elementor elementor-4278\" wpc-filter-elementor-widget=\"1\">\n\t\t\t\t<div class=\"elementor-element elementor-element-18b6110f e-flex e-con-boxed e-con e-parent\" data-id=\"18b6110f\" data-element_type=\"container\" data-e-type=\"container\">\n\t\t\t\t\t<div class=\"e-con-inner\">\n\t\t\t\t<div class=\"elementor-element elementor-element-161575f6 elementor-widget elementor-widget-text-editor\" data-id=\"161575f6\" data-element_type=\"widget\" data-e-type=\"widget\" data-widget_type=\"text-editor.default\">\n\t\t\t\t<div class=\"elementor-widget-container\">\n\t\t\t\t\t\t\t\t\t<p>\ud83c\udfaf Zur Saison 2025\/26 d\u00fcrfen wir wieder einige neue Gesichter in unserer frohen Dart-Runde begr\u00fc\u00dfen. Frisch motiviert, mit spitzen Pfeilen und jeder Menge Vorfreude starten unsere Neulinge in ihr Abenteuer RHL.<\/p>\t\t\t\t\t\t\t\t<\/div>\n\t\t\t\t<\/div>\n\t\t\t\t\t<\/div>\n\t\t\t\t<\/div>\n\t\t<div class=\"elementor-element elementor-element-8bb8c5a e-flex e-con-boxed e-con e-parent\" data-id=\"8bb8c5a\" data-element_type=\"container\" data-e-type=\"container\">\n\t\t\t\t\t<div class=\"e-con-inner\">\n\t\t<div class=\"elementor-element elementor-element-be2e655 e-con-full e-flex e-con e-child\" data-id=\"be2e655\" data-element_type=\"container\" data-e-type=\"container\">\n\t\t\t\t<div class=\"elementor-element elementor-element-0f54152 elementor-widget elementor-widget-image\" data-id=\"0f54152\" data-element_type=\"widget\" data-e-type=\"widget\" data-widget_type=\"image.default\">\n\t\t\t\t<div class=\"elementor-widget-container\">\n\t\t\t\t\t\t\t\t\t\t\t\t\t\t\t<img decoding=\"async\" width=\"150\" height=\"150\" src=\"https:\/\/rhl-dart.de\/wp-content\/uploads\/2025\/07\/wp-1486231100770-150x150.webp\" class=\"attachment-thumbnail size-thumbnail wp-image-4281\" alt=\"\" \/>\t\t\t\t\t\t\t\t\t\t\t\t\t\t\t<\/div>\n\t\t\t\t<\/div>\n\t\t\t\t<\/div>\n\t\t<div class=\"elementor-element elementor-element-5f4dc72 e-con-full e-flex e-con e-child\" data-id=\"5f4dc72\" data-element_type=\"container\" data-e-type=\"container\">\n\t\t\t\t<div class=\"elementor-element elementor-element-a571e28 elementor-widget elementor-widget-text-editor\" data-id=\"a571e28\" data-element_type=\"widget\" data-e-type=\"widget\" data-widget_type=\"text-editor.default\">\n\t\t\t\t<div class=\"elementor-widget-container\">\n\t\t\t\t\t\t\t\t\t<p>\ud83c\udff9 Mit den Steel Riders aus Bassenheim rollt gleich zum Start ein echter Neuling ins Feld. Keine Sorge \u2013 statt auf Pferden reiten sie lieber auf Siegeswellen, und statt mit B\u00e4llen \u26bd treffen sie lieber mit Pfeilen \ud83c\udfaf. Und ja: weniger Rider, mehr echte Sportler, die nicht nur im Fu\u00dfball, sondern auch in der hohen Kunst der Pfeilakrobatik gl\u00e4nzen.<\/p>\t\t\t\t\t\t\t\t<\/div>\n\t\t\t\t<\/div>\n\t\t\t\t<\/div>\n\t\t\t\t\t<\/div>\n\t\t\t\t<\/div>\n\t\t<div class=\"elementor-element elementor-element-1f43e4d e-flex e-con-boxed e-con e-parent\" data-id=\"1f43e4d\" data-element_type=\"container\" data-e-type=\"container\">\n\t\t\t\t\t<div class=\"e-con-inner\">\n\t\t<div class=\"elementor-element elementor-element-ab0f1a5 e-con-full e-flex e-con e-child\" data-id=\"ab0f1a5\" data-element_type=\"container\" data-e-type=\"container\">\n\t\t\t\t<div class=\"elementor-element elementor-element-1bfef2a elementor-widget elementor-widget-image\" data-id=\"1bfef2a\" data-element_type=\"widget\" data-e-type=\"widget\" data-widget_type=\"image.default\">\n\t\t\t\t<div class=\"elementor-widget-container\">\n\t\t\t\t\t\t\t\t\t\t\t\t\t\t\t<img decoding=\"async\" width=\"150\" height=\"150\" src=\"https:\/\/rhl-dart.de\/wp-content\/uploads\/2025\/07\/logo-150x150.png\" class=\"attachment-thumbnail size-thumbnail wp-image-4280\" alt=\"\" \/>\t\t\t\t\t\t\t\t\t\t\t\t\t\t\t<\/div>\n\t\t\t\t<\/div>\n\t\t\t\t<\/div>\n\t\t<div class=\"elementor-element elementor-element-fbed0c6 e-con-full e-flex e-con e-child\" data-id=\"fbed0c6\" data-element_type=\"container\" data-e-type=\"container\">\n\t\t\t\t<div class=\"elementor-element elementor-element-dab7950 elementor-widget elementor-widget-text-editor\" data-id=\"dab7950\" data-element_type=\"widget\" data-e-type=\"widget\" data-widget_type=\"text-editor.default\">\n\t\t\t\t<div class=\"elementor-widget-container\">\n\t\t\t\t\t\t\t\t\t<p>\ud83c\udf0a Die Kliedarter 1 und 2 kommen vom SC Wassenach in der Osteifel, n\u00f6rdlich des Laacher Sees. Dort, wo andere gem\u00fctlich am Ufer sitzen, stehen sie lieber am Oche \u2013 und statt Wasser \ud83d\udca7 werfen sie Pfeile. Ger\u00fcchten zufolge h\u00f6rt man das \u201e180!\u201c manchmal bis ans andere Seeufer.<\/p>\t\t\t\t\t\t\t\t<\/div>\n\t\t\t\t<\/div>\n\t\t\t\t<\/div>\n\t\t\t\t\t<\/div>\n\t\t\t\t<\/div>\n\t\t<div class=\"elementor-element elementor-element-19658a7 e-flex e-con-boxed e-con e-parent\" data-id=\"19658a7\" data-element_type=\"container\" data-e-type=\"container\">\n\t\t\t\t\t<div class=\"e-con-inner\">\n\t\t<div class=\"elementor-element elementor-element-622444a e-con-full e-flex e-con e-child\" data-id=\"622444a\" data-element_type=\"container\" data-e-type=\"container\">\n\t\t\t\t<div class=\"elementor-element elementor-element-998efab elementor-widget elementor-widget-image\" data-id=\"998efab\" data-element_type=\"widget\" data-e-type=\"widget\" data-widget_type=\"image.default\">\n\t\t\t\t<div class=\"elementor-widget-container\">\n\t\t\t\t\t\t\t\t\t\t\t\t\t\t\t<img decoding=\"async\" width=\"150\" height=\"150\" src=\"https:\/\/rhl-dart.de\/wp-content\/uploads\/2025\/07\/singleView-e81b17ee8bd54cffe1e0ec71c6f298bf993e062da043f446e42d88c12ddf7995-150x150.png\" class=\"attachment-thumbnail size-thumbnail wp-image-4282\" alt=\"\" srcset=\"https:\/\/rhl-dart.de\/wp-content\/uploads\/2025\/07\/singleView-e81b17ee8bd54cffe1e0ec71c6f298bf993e062da043f446e42d88c12ddf7995-150x150.png 150w, https:\/\/rhl-dart.de\/wp-content\/uploads\/2025\/07\/singleView-e81b17ee8bd54cffe1e0ec71c6f298bf993e062da043f446e42d88c12ddf7995.png 263w\" sizes=\"(max-width: 150px) 100vw, 150px\" \/>\t\t\t\t\t\t\t\t\t\t\t\t\t\t\t<\/div>\n\t\t\t\t<\/div>\n\t\t\t\t<\/div>\n\t\t<div class=\"elementor-element elementor-element-06ce152 e-con-full e-flex e-con e-child\" data-id=\"06ce152\" data-element_type=\"container\" data-e-type=\"container\">\n\t\t\t\t<div class=\"elementor-element elementor-element-ad49ad3 elementor-widget elementor-widget-text-editor\" data-id=\"ad49ad3\" data-element_type=\"widget\" data-e-type=\"widget\" data-widget_type=\"text-editor.default\">\n\t\t\t\t<div class=\"elementor-widget-container\">\n\t\t\t\t\t\t\t\t\t<p><del>\ud83c\udfd9\ufe0f Auch aus jener Stadt, in der sich Rhein und Mosel treffen, gibt\u2019s Zuwachs: Olympia Koblenz 4. Damit stellt Olympia zur Saison 25\/26 sagenhafte f\u00fcnf Teams \u2013 und das neben der 2. DDV-Liga. Offenbar haben sie wirklich noch Zeit f\u00fcr uns \u23f1\ufe0f, und wir sind gespannt, ob sie uns mit rheinischer Frohnatur oder sportlichem Ehrgeiz mehr \u00e4rgern.<\/del><\/p>\t\t\t\t\t\t\t\t<\/div>\n\t\t\t\t<\/div>\n\t\t\t\t<\/div>\n\t\t\t\t\t<\/div>\n\t\t\t\t<\/div>\n\t\t<div class=\"elementor-element elementor-element-f723482 e-flex e-con-boxed e-con e-parent\" data-id=\"f723482\" data-element_type=\"container\" data-e-type=\"container\">\n\t\t\t\t\t<div class=\"e-con-inner\">\n\t\t<div class=\"elementor-element elementor-element-a1e336d e-con-full e-flex e-con e-child\" data-id=\"a1e336d\" data-element_type=\"container\" data-e-type=\"container\">\n\t\t\t\t<div class=\"elementor-element elementor-element-6789630 elementor-widget elementor-widget-image\" data-id=\"6789630\" data-element_type=\"widget\" data-e-type=\"widget\" data-widget_type=\"image.default\">\n\t\t\t\t<div class=\"elementor-widget-container\">\n\t\t\t\t\t\t\t\t\t\t\t\t\t\t\t<img loading=\"lazy\" decoding=\"async\" width=\"300\" height=\"300\" src=\"https:\/\/rhl-dart.de\/wp-content\/uploads\/2025\/07\/tus_logo_l-300x300.png\" class=\"attachment-medium size-medium wp-image-4283\" alt=\"\" srcset=\"https:\/\/rhl-dart.de\/wp-content\/uploads\/2025\/07\/tus_logo_l-300x300.png 300w, https:\/\/rhl-dart.de\/wp-content\/uploads\/2025\/07\/tus_logo_l-150x150.png 150w, https:\/\/rhl-dart.de\/wp-content\/uploads\/2025\/07\/tus_logo_l.png 400w\" sizes=\"(max-width: 300px) 100vw, 300px\" \/>\t\t\t\t\t\t\t\t\t\t\t\t\t\t\t<\/div>\n\t\t\t\t<\/div>\n\t\t\t\t<\/div>\n\t\t<div class=\"elementor-element elementor-element-82760e0 e-con-full e-flex e-con e-child\" data-id=\"82760e0\" data-element_type=\"container\" data-e-type=\"container\">\n\t\t\t\t<div class=\"elementor-element elementor-element-7c2d82d elementor-widget elementor-widget-text-editor\" data-id=\"7c2d82d\" data-element_type=\"widget\" data-e-type=\"widget\" data-widget_type=\"text-editor.default\">\n\t\t\t\t<div class=\"elementor-widget-container\">\n\t\t\t\t\t\t\t\t\t<p>Zum Schluss begr\u00fc\u00dfen wir die Kannenb\u00e4ckerpfeile vom TuS Hilgert. Im Westerwald \ud83c\udf32 zuhause, sto\u00dfen sie zu ihrem Deb\u00fct in unserer frohen Runde \u2013 und zeigen, dass sie wohl doch mehr k\u00f6nnen als nur traditionelles Handwerk. Hinter H\u00f6hr-Grenzhausen einfach links ab und schon steht man mitten im Herzen des Westerwaldes.<\/p>\t\t\t\t\t\t\t\t<\/div>\n\t\t\t\t<\/div>\n\t\t\t\t<\/div>\n\t\t\t\t\t<\/div>\n\t\t\t\t<\/div>\n\t\t<div class=\"elementor-element elementor-element-8cfe174 e-flex e-con-boxed e-con e-parent\" data-id=\"8cfe174\" data-element_type=\"container\" data-e-type=\"container\">\n\t\t\t\t\t<div class=\"e-con-inner\">\n\t\t\t\t<div class=\"elementor-element elementor-element-9a7b990 elementor-widget elementor-widget-text-editor\" data-id=\"9a7b990\" data-element_type=\"widget\" data-e-type=\"widget\" data-widget_type=\"text-editor.default\">\n\t\t\t\t<div class=\"elementor-widget-container\">\n\t\t\t\t\t\t\t\t\t<p>\ud83d\udc4f Insgesamt starten wir diese Saison mit stolzen 27 Teams in 3 Ligen \u2013 das ist ein kr\u00e4ftiges Plus gegen\u00fcber den 21 Teams der Vorsaison. Wir w\u00fcnschen allen Neulingen und \u201ealten Hasen\u201c eine spannende, faire und vor allem spa\u00dfige Spielzeit \u2013 und denkt dran: Nicht der erste, sondern der letzte Pfeil entscheidet! \ud83c\udfc6<\/p>\t\t\t\t\t\t\t\t<\/div>\n\t\t\t\t<\/div>\n\t\t\t\t\t<\/div>\n\t\t\t\t<\/div>\n\t\t\t\t<\/div>\n\t\t","protected":false},"excerpt":{"rendered":"<p>\ud83c\udfaf Zur Saison 2025\/26 d\u00fcrfen wir wieder einige neue Gesichter in unserer frohen Dart-Runde begr\u00fc\u00dfen. Frisch motiviert, mit spitzen Pfeilen und jeder Menge Vorfreude starten unsere Neulinge in ihr Abenteuer RHL. \ud83c\udff9 Mit den Steel Riders aus Bassenheim rollt gleich zum Start ein echter Neuling ins Feld. Keine Sorge \u2013 statt auf Pferden reiten sie [&hellip;]<\/p>\n","protected":false},"author":1,"featured_media":0,"parent":0,"menu_order":0,"comment_status":"closed","ping_status":"closed","template":"","meta":{"_uag_custom_page_level_css":"","footnotes":""},"class_list":["post-4278","page","type-page","status-publish","hentry"],"uagb_featured_image_src":{"full":false,"thumbnail":false,"medium":false,"medium_large":false,"large":false,"1536x1536":false,"2048x2048":false},"uagb_author_info":{"display_name":"Tobias Assmann","author_link":"https:\/\/rhl-dart.de\/index.php\/author\/testuser\/"},"uagb_comment_info":0,"uagb_excerpt":"\ud83c\udfaf Zur Saison 2025\/26 d\u00fcrfen wir wieder einige neue Gesichter in unserer frohen Dart-Runde begr\u00fc\u00dfen. Frisch motiviert, mit spitzen Pfeilen und jeder Menge Vorfreude starten unsere Neulinge in ihr Abenteuer RHL. \ud83c\udff9 Mit den Steel Riders aus Bassenheim rollt gleich zum Start ein echter Neuling ins Feld. Keine Sorge \u2013 statt auf Pferden reiten sie&hellip;","_links":{"self":[{"href":"https:\/\/rhl-dart.de\/index.php\/wp-json\/wp\/v2\/pages\/4278","targetHints":{"allow":["GET"]}}],"collection":[{"href":"https:\/\/rhl-dart.de\/index.php\/wp-json\/wp\/v2\/pages"}],"about":[{"href":"https:\/\/rhl-dart.de\/index.php\/wp-json\/wp\/v2\/types\/page"}],"author":[{"embeddable":true,"href":"https:\/\/rhl-dart.de\/index.php\/wp-json\/wp\/v2\/users\/1"}],"replies":[{"embeddable":true,"href":"https:\/\/rhl-dart.de\/index.php\/wp-json\/wp\/v2\/comments?post=4278"}],"version-history":[{"count":38,"href":"https:\/\/rhl-dart.de\/index.php\/wp-json\/wp\/v2\/pages\/4278\/revisions"}],"predecessor-version":[{"id":4682,"href":"https:\/\/rhl-dart.de\/index.php\/wp-json\/wp\/v2\/pages\/4278\/revisions\/4682"}],"wp:attachment":[{"href":"https:\/\/rhl-dart.de\/index.php\/wp-json\/wp\/v2\/media?parent=4278"}],"curies":[{"name":"wp","href":"https:\/\/api.w.org\/{rel}","templated":true}]}}