{"id":51,"date":"2020-07-06T18:48:58","date_gmt":"2020-07-06T16:48:58","guid":{"rendered":"http:\/\/www.rhl-dart.de\/wp2020\/?page_id=51"},"modified":"2026-04-12T19:45:17","modified_gmt":"2026-04-12T17:45:17","slug":"masters","status":"publish","type":"page","link":"https:\/\/rhl-dart.de\/index.php\/masters\/","title":{"rendered":"Masters 2025\/2026"},"content":{"rendered":"\t\t<div data-elementor-type=\"wp-page\" data-elementor-id=\"51\" class=\"elementor elementor-51\" wpc-filter-elementor-widget=\"1\">\n\t\t\t\t<div class=\"elementor-element elementor-element-78e0979c e-flex e-con-boxed e-con e-parent\" data-id=\"78e0979c\" data-element_type=\"container\" data-e-type=\"container\">\n\t\t\t\t\t<div class=\"e-con-inner\">\n\t\t\t\t<div class=\"elementor-element elementor-element-53985189 elementor-widget elementor-widget-text-editor\" data-id=\"53985189\" data-element_type=\"widget\" data-e-type=\"widget\" data-widget_type=\"text-editor.default\">\n\t\t\t\t<div class=\"elementor-widget-container\">\n\t\t\t\t\t\t\t\t\t<p>Das hier ist die Abschlusstabelle der Masters Ranglistensaison 2025\/26.\u00a0<\/p><div>In diesem Jahr belegen gleich 2 Spieler den 16. Tabellenplatz. Eigentlich h\u00e4tte das Los entscheiden m\u00fcssen, wer von beiden qualifiziert ist, aber Kevin Stay verzichtet auf die direkte Teilnahme und ist somit 1. Nachr\u00fccker. Durch den Verzicht von Kevin, ist Alan Tyranski direkt qualiziert.<\/div><div>\u00a0<\/div><div>Sollte einer der Qualifikaten nicht am nicht teilnehmen k\u00f6nnen, soll teile der jenige bitte seine Absage schnellstm\u00f6glich in einer Email an den RHL Vorstand <a href=\"mailto:info@rhl-dart.de\" target=\"_blank\" rel=\"noopener\">info@rhl-dart.de<\/a>\u00a0mit, damit wir die m\u00f6glichen Nachr\u00fccker schnellst m\u00f6glich informieren k\u00f6nnen.<\/div><div>\u00a0<\/div><div>Sollten mehr als 2 Finalisten absagen, wird es regularienbedingt keine Nachr\u00fccker geben, da au\u00dfer Hoffmann und K.Stay es keine weiteren Nachr\u00fccker mit den erforderlichen 2 Mindesteilnahmen hat.<\/div><p><!-- \/wp:paragraph --><\/p>\t\t\t\t\t\t\t\t<\/div>\n\t\t\t\t<\/div>\n\t\t\t\t<div class=\"elementor-element elementor-element-1f76199 elementor-widget elementor-widget-heading\" data-id=\"1f76199\" data-element_type=\"widget\" data-e-type=\"widget\" data-widget_type=\"heading.default\">\n\t\t\t\t<div class=\"elementor-widget-container\">\n\t\t\t\t\t<h2 class=\"elementor-heading-title elementor-size-default\">Der finale Jackpot<\/h2>\t\t\t\t<\/div>\n\t\t\t\t<\/div>\n\t\t\t\t<div class=\"elementor-element elementor-element-0a643ec elementor-widget elementor-widget-counter\" data-id=\"0a643ec\" data-element_type=\"widget\" data-e-type=\"widget\" data-widget_type=\"counter.default\">\n\t\t\t\t<div class=\"elementor-widget-container\">\n\t\t\t\t\t\t\t<div class=\"elementor-counter\">\n\t\t\t\t\t\t<div class=\"elementor-counter-number-wrapper\">\n\t\t\t\t<span class=\"elementor-counter-number-prefix\"><\/span>\n\t\t\t\t<span class=\"elementor-counter-number\" data-duration=\"2000\" data-to-value=\"385\" data-from-value=\"0\" data-delimiter=\",\">0<\/span>\n\t\t\t\t<span class=\"elementor-counter-number-suffix\"> Euro<\/span>\n\t\t\t<\/div>\n\t\t<\/div>\n\t\t\t\t\t\t<\/div>\n\t\t\t\t<\/div>\n\t\t\t\t<div class=\"elementor-element elementor-element-90beecc elementor-widget elementor-widget-tablepress-table\" data-id=\"90beecc\" data-element_type=\"widget\" data-e-type=\"widget\" data-widget_type=\"tablepress-table.default\">\n\t\t\t\t\t\n<table id=\"tablepress-1\" class=\"tablepress tablepress-id-1\">\n<thead>\n<tr class=\"row-1\">\n\t<th class=\"column-1\"><strong>Platz<\/strong><\/th><th class=\"column-2\"><strong>Name<\/strong><\/th><th class=\"column-3\"><strong>Vorname<\/strong><\/th><th class=\"column-4\"><strong>Verein<\/strong><\/th><th class=\"column-5\"><strong>Kastellaun<br \/>\n13.09.2025 (20) <\/strong><\/th><th class=\"column-6\"><strong>Boppard<br \/>\n03.01.2026 (25)<\/strong><\/th><th class=\"column-7\"><strong>Boppard <br \/>\n07.03.2026 (18)<\/strong><\/th><th class=\"column-8\"><strong>Koblenz<br \/>\n04.04.2026 (14)<br \/>\n<\/strong><\/th><th class=\"column-9\"><strong>Gesamt (77)<\/strong><\/th>\n<\/tr>\n<\/thead>\n<tbody class=\"row-striping row-hover\">\n<tr class=\"row-2\">\n\t<td class=\"column-1\">1<\/td><td class=\"column-2\">Liesenfeld<\/td><td class=\"column-3\">Lukas<\/td><td class=\"column-4\">1.DC Boppard 1<\/td><td class=\"column-5\"><\/td><td class=\"column-6\">45<\/td><td class=\"column-7\">37<\/td><td class=\"column-8\">37<\/td><td class=\"column-9\">119<\/td>\n<\/tr>\n<tr class=\"row-3\">\n\t<td class=\"column-1\">2<\/td><td class=\"column-2\">Janzen<\/td><td class=\"column-3\">Emil<\/td><td class=\"column-4\">Olympia Koblenz 1<\/td><td class=\"column-5\">45<\/td><td class=\"column-6\">37<\/td><td class=\"column-7\"><\/td><td class=\"column-8\">28<\/td><td class=\"column-9\">110<\/td>\n<\/tr>\n<tr class=\"row-4\">\n\t<td class=\"column-1\">3<\/td><td class=\"column-2\">Keuper<\/td><td class=\"column-3\">Andreas<\/td><td class=\"column-4\">DSC Bandits 1<\/td><td class=\"column-5\">25<\/td><td class=\"column-6\">28<\/td><td class=\"column-7\">34<\/td><td class=\"column-8\">22<\/td><td class=\"column-9\">109<\/td>\n<\/tr>\n<tr class=\"row-5\">\n\t<td class=\"column-1\">4<\/td><td class=\"column-2\">Lagershausen<\/td><td class=\"column-3\">Roman<\/td><td class=\"column-4\">Good Old Boys Kastanie<\/td><td class=\"column-5\">22<\/td><td class=\"column-6\">28<\/td><td class=\"column-7\">28<\/td><td class=\"column-8\">25<\/td><td class=\"column-9\">103<\/td>\n<\/tr>\n<tr class=\"row-6\">\n\t<td class=\"column-1\">5<\/td><td class=\"column-2\">Klein<\/td><td class=\"column-3\">Bernd<\/td><td class=\"column-4\">DSC Bandits 1<\/td><td class=\"column-5\">31<\/td><td class=\"column-6\">25<\/td><td class=\"column-7\">45<\/td><td class=\"column-8\"><\/td><td class=\"column-9\">101<\/td>\n<\/tr>\n<tr class=\"row-7\">\n\t<td class=\"column-1\">6<\/td><td class=\"column-2\">Lagershausen<\/td><td class=\"column-3\">Nico<\/td><td class=\"column-4\">DSC Kastanie 1<\/td><td class=\"column-5\">34<\/td><td class=\"column-6\"><\/td><td class=\"column-7\"><\/td><td class=\"column-8\">45<\/td><td class=\"column-9\">79<\/td>\n<\/tr>\n<tr class=\"row-8\">\n\t<td class=\"column-1\">7<\/td><td class=\"column-2\">Huber<\/td><td class=\"column-3\">Nico<\/td><td class=\"column-4\">1.DC Boppard 1<\/td><td class=\"column-5\"><\/td><td class=\"column-6\">31<\/td><td class=\"column-7\">19<\/td><td class=\"column-8\">28<\/td><td class=\"column-9\">78<\/td>\n<\/tr>\n<tr class=\"row-9\">\n\t<td class=\"column-1\">8<\/td><td class=\"column-2\">H\u00f6rth<\/td><td class=\"column-3\">Michael<\/td><td class=\"column-4\">DSC Bandits 2<\/td><td class=\"column-5\">19<\/td><td class=\"column-6\">19<\/td><td class=\"column-7\">16<\/td><td class=\"column-8\">19<\/td><td class=\"column-9\">73<\/td>\n<\/tr>\n<tr class=\"row-10\">\n\t<td class=\"column-1\">9<\/td><td class=\"column-2\">Assmann<\/td><td class=\"column-3\">Tobias<\/td><td class=\"column-4\">1.DC Boppard 2<\/td><td class=\"column-5\">16<\/td><td class=\"column-6\">16<\/td><td class=\"column-7\">19<\/td><td class=\"column-8\">19<\/td><td class=\"column-9\">70<\/td>\n<\/tr>\n<tr class=\"row-11\">\n\t<td class=\"column-1\">10<\/td><td class=\"column-2\">Link<\/td><td class=\"column-3\">Daniel<\/td><td class=\"column-4\">Olympia Koblenz 1<\/td><td class=\"column-5\">22<\/td><td class=\"column-6\">19<\/td><td class=\"column-7\"><\/td><td class=\"column-8\">25<\/td><td class=\"column-9\">66<\/td>\n<\/tr>\n<tr class=\"row-12\">\n\t<td class=\"column-1\">11<\/td><td class=\"column-2\">Schiep<\/td><td class=\"column-3\">Florian<\/td><td class=\"column-4\">1.DC Boppard 1<\/td><td class=\"column-5\"><\/td><td class=\"column-6\">34<\/td><td class=\"column-7\">31<\/td><td class=\"column-8\"><\/td><td class=\"column-9\">65<\/td>\n<\/tr>\n<tr class=\"row-13\">\n\t<td class=\"column-1\">12<\/td><td class=\"column-2\">L\u00fcck<\/td><td class=\"column-3\">Sascha<\/td><td class=\"column-4\">1.DC Boppard 2<\/td><td class=\"column-5\">16<\/td><td class=\"column-6\">19<\/td><td class=\"column-7\">22<\/td><td class=\"column-8\"><\/td><td class=\"column-9\">57<\/td>\n<\/tr>\n<tr class=\"row-14\">\n\t<td class=\"column-1\">13<\/td><td class=\"column-2\">Wick<\/td><td class=\"column-3\">Daniel<\/td><td class=\"column-4\">1.DC Boppard 1<\/td><td class=\"column-5\">28<\/td><td class=\"column-6\">25<\/td><td class=\"column-7\"><\/td><td class=\"column-8\"><\/td><td class=\"column-9\">53<\/td>\n<\/tr>\n<tr class=\"row-15\">\n\t<td class=\"column-1\">14<\/td><td class=\"column-2\">Stay<\/td><td class=\"column-3\">Laura<\/td><td class=\"column-4\">1.DC Boppard 2<\/td><td class=\"column-5\">16<\/td><td class=\"column-6\">13<\/td><td class=\"column-7\">19<\/td><td class=\"column-8\"><\/td><td class=\"column-9\">48<\/td>\n<\/tr>\n<tr class=\"row-16\">\n\t<td class=\"column-1\">15<\/td><td class=\"column-2\">Hillen<\/td><td class=\"column-3\">Kai<\/td><td class=\"column-4\">DSC Kastanie 2<\/td><td class=\"column-5\">19<\/td><td class=\"column-6\"><\/td><td class=\"column-7\"><\/td><td class=\"column-8\">22<\/td><td class=\"column-9\">41<\/td>\n<\/tr>\n<tr class=\"row-17\">\n\t<td class=\"column-1\">16*<\/td><td class=\"column-2\">Tyranski<\/td><td class=\"column-3\">Alan<\/td><td class=\"column-4\">Unikorns Koblenz<\/td><td class=\"column-5\"><\/td><td class=\"column-6\"><\/td><td class=\"column-7\">16<\/td><td class=\"column-8\">22<\/td><td class=\"column-9\">38<\/td>\n<\/tr>\n<tr class=\"row-18\">\n\t<td class=\"column-1\">16*<\/td><td class=\"column-2\">Stay<\/td><td class=\"column-3\">Kevin<\/td><td class=\"column-4\">1.DC Boppard 1<\/td><td class=\"column-5\"><\/td><td class=\"column-6\">16<\/td><td class=\"column-7\">22<\/td><td class=\"column-8\"><\/td><td class=\"column-9\">38<\/td>\n<\/tr>\n<tr class=\"row-19\">\n\t<td class=\"column-1\">18<\/td><td class=\"column-2\">Holtkamp<\/td><td class=\"column-3\">Kilian<\/td><td class=\"column-4\">DSC Bandits 1<\/td><td class=\"column-5\">37<\/td><td class=\"column-6\"><\/td><td class=\"column-7\"><\/td><td class=\"column-8\"><\/td><td class=\"column-9\">37<\/td>\n<\/tr>\n<tr class=\"row-20\">\n\t<td class=\"column-1\">19<\/td><td class=\"column-2\">Hoffmann<\/td><td class=\"column-3\">Pascal<\/td><td class=\"column-4\">1.DC Boppard 2<\/td><td class=\"column-5\"><\/td><td class=\"column-6\">16<\/td><td class=\"column-7\">19<\/td><td class=\"column-8\"><\/td><td class=\"column-9\">35<\/td>\n<\/tr>\n<tr class=\"row-21\">\n\t<td class=\"column-1\">20<\/td><td class=\"column-2\">Redinger<\/td><td class=\"column-3\">Jan<\/td><td class=\"column-4\"><\/td><td class=\"column-5\"><\/td><td class=\"column-6\"><\/td><td class=\"column-7\"><\/td><td class=\"column-8\">34<\/td><td class=\"column-9\">34<\/td>\n<\/tr>\n<tr class=\"row-22\">\n\t<td class=\"column-1\">21<\/td><td class=\"column-2\">Harsche<\/td><td class=\"column-3\">Leon<\/td><td class=\"column-4\">Unikorns Koblenz<\/td><td class=\"column-5\"><\/td><td class=\"column-6\"><\/td><td class=\"column-7\"><\/td><td class=\"column-8\">31<\/td><td class=\"column-9\">31<\/td>\n<\/tr>\n<tr class=\"row-23\">\n\t<td class=\"column-1\">22<\/td><td class=\"column-2\">Franz<\/td><td class=\"column-3\">Dennis<\/td><td class=\"column-4\">DSC Bandits 1<\/td><td class=\"column-5\">28<\/td><td class=\"column-6\"><\/td><td class=\"column-7\"><\/td><td class=\"column-8\"><\/td><td class=\"column-9\">28<\/td>\n<\/tr>\n<tr class=\"row-24\">\n\t<td class=\"column-1\">22<\/td><td class=\"column-2\">Lanz<\/td><td class=\"column-3\">Florian<\/td><td class=\"column-4\"><\/td><td class=\"column-5\"><\/td><td class=\"column-6\"><\/td><td class=\"column-7\">28<\/td><td class=\"column-8\"><\/td><td class=\"column-9\">28<\/td>\n<\/tr>\n<tr class=\"row-25\">\n\t<td class=\"column-1\">30<\/td><td class=\"column-2\">Felix<\/td><td class=\"column-3\">Jason<\/td><td class=\"column-4\">Olympia Koblenz 1<\/td><td class=\"column-5\">25<\/td><td class=\"column-6\"><\/td><td class=\"column-7\"><\/td><td class=\"column-8\"><\/td><td class=\"column-9\">25<\/td>\n<\/tr>\n<tr class=\"row-26\">\n\t<td class=\"column-1\">30<\/td><td class=\"column-2\">Hochstein<\/td><td class=\"column-3\">Kevin<\/td><td class=\"column-4\">1.DC Boppard 1<\/td><td class=\"column-5\"><\/td><td class=\"column-6\"><\/td><td class=\"column-7\">25<\/td><td class=\"column-8\"><\/td><td class=\"column-9\">25<\/td>\n<\/tr>\n<tr class=\"row-27\">\n\t<td class=\"column-1\">24<\/td><td class=\"column-2\">Br\u00fcck<\/td><td class=\"column-3\">Sandro<\/td><td class=\"column-4\">1.DC Boppard 2<\/td><td class=\"column-5\"><\/td><td class=\"column-6\"><\/td><td class=\"column-7\">25<\/td><td class=\"column-8\"><\/td><td class=\"column-9\">25<\/td>\n<\/tr>\n<tr class=\"row-28\">\n\t<td class=\"column-1\">27<\/td><td class=\"column-2\">Bedanow<\/td><td class=\"column-3\">Martin<\/td><td class=\"column-4\">DC Eifelbande 2<\/td><td class=\"column-5\">22<\/td><td class=\"column-6\"><\/td><td class=\"column-7\"><\/td><td class=\"column-8\"><\/td><td class=\"column-9\">22<\/td>\n<\/tr>\n<tr class=\"row-29\">\n\t<td class=\"column-1\">27<\/td><td class=\"column-2\">M\u00fcsel<\/td><td class=\"column-3\">Michael<\/td><td class=\"column-4\">DSC Bandits 3<\/td><td class=\"column-5\">22<\/td><td class=\"column-6\"><\/td><td class=\"column-7\"><\/td><td class=\"column-8\"><\/td><td class=\"column-9\">22<\/td>\n<\/tr>\n<tr class=\"row-30\">\n\t<td class=\"column-1\">27<\/td><td class=\"column-2\">Bl\u00e4tz<\/td><td class=\"column-3\">Patrick<\/td><td class=\"column-4\">1.DC Boppard 2<\/td><td class=\"column-5\"><\/td><td class=\"column-6\">22<\/td><td class=\"column-7\"><\/td><td class=\"column-8\"><\/td><td class=\"column-9\">22<\/td>\n<\/tr>\n<tr class=\"row-31\">\n\t<td class=\"column-1\">27<\/td><td class=\"column-2\">G\u00f6ing<\/td><td class=\"column-3\">Nils<\/td><td class=\"column-4\"><\/td><td class=\"column-5\"><\/td><td class=\"column-6\">22<\/td><td class=\"column-7\"><\/td><td class=\"column-8\"><\/td><td class=\"column-9\">22<\/td>\n<\/tr>\n<tr class=\"row-32\">\n\t<td class=\"column-1\">27<\/td><td class=\"column-2\">Dhein<\/td><td class=\"column-3\">Jan<\/td><td class=\"column-4\">1.DC Boppard 1<\/td><td class=\"column-5\"><\/td><td class=\"column-6\">22<\/td><td class=\"column-7\"><\/td><td class=\"column-8\"><\/td><td class=\"column-9\">22<\/td>\n<\/tr>\n<tr class=\"row-33\">\n\t<td class=\"column-1\">27<\/td><td class=\"column-2\">Buchner<\/td><td class=\"column-3\">Mandy<\/td><td class=\"column-4\">1.DC Boppard 2<\/td><td class=\"column-5\"><\/td><td class=\"column-6\">22<\/td><td class=\"column-7\"><\/td><td class=\"column-8\"><\/td><td class=\"column-9\">22<\/td>\n<\/tr>\n<tr class=\"row-34\">\n\t<td class=\"column-1\">27<\/td><td class=\"column-2\">Opavski<\/td><td class=\"column-3\">Robert<\/td><td class=\"column-4\">TuS Hilgert<\/td><td class=\"column-5\"><\/td><td class=\"column-6\"><\/td><td class=\"column-7\">22<\/td><td class=\"column-8\"><\/td><td class=\"column-9\">22<\/td>\n<\/tr>\n<tr class=\"row-35\">\n\t<td class=\"column-1\">27<\/td><td class=\"column-2\">Straczynowski<\/td><td class=\"column-3\">Lucas<\/td><td class=\"column-4\">Olympia Koblenz 1<\/td><td class=\"column-5\"><\/td><td class=\"column-6\"><\/td><td class=\"column-7\"><\/td><td class=\"column-8\">22<\/td><td class=\"column-9\">22<\/td>\n<\/tr>\n<tr class=\"row-36\">\n\t<td class=\"column-1\">35<\/td><td class=\"column-2\">Pfl\u00e4ging<\/td><td class=\"column-3\">Dieter<\/td><td class=\"column-4\">DSC Bandits 3<\/td><td class=\"column-5\">19<\/td><td class=\"column-6\"><\/td><td class=\"column-7\"><\/td><td class=\"column-8\"><\/td><td class=\"column-9\">19<\/td>\n<\/tr>\n<tr class=\"row-37\">\n\t<td class=\"column-1\">35<\/td><td class=\"column-2\">Mayer<\/td><td class=\"column-3\">Marcel<\/td><td class=\"column-4\">Olympia Koblenz 2<\/td><td class=\"column-5\">19<\/td><td class=\"column-6\"><\/td><td class=\"column-7\"><\/td><td class=\"column-8\"><\/td><td class=\"column-9\">19<\/td>\n<\/tr>\n<tr class=\"row-38\">\n\t<td class=\"column-1\">35<\/td><td class=\"column-2\">Pohlhaus<\/td><td class=\"column-3\">Dennis<\/td><td class=\"column-4\">1.DC Boppard 1<\/td><td class=\"column-5\"><\/td><td class=\"column-6\">19<\/td><td class=\"column-7\"><\/td><td class=\"column-8\"><\/td><td class=\"column-9\">19<\/td>\n<\/tr>\n<tr class=\"row-39\">\n\t<td class=\"column-1\">38<\/td><td class=\"column-2\">Schatte<\/td><td class=\"column-3\">Ricardo<\/td><td class=\"column-4\">DSC Bandits 1<\/td><td class=\"column-5\">16<\/td><td class=\"column-6\"><\/td><td class=\"column-7\"><\/td><td class=\"column-8\"><\/td><td class=\"column-9\">16<\/td>\n<\/tr>\n<tr class=\"row-40\">\n\t<td class=\"column-1\">38<\/td><td class=\"column-2\">Buhl<\/td><td class=\"column-3\">Joschua<\/td><td class=\"column-4\"><\/td><td class=\"column-5\"><\/td><td class=\"column-6\">16<\/td><td class=\"column-7\"><\/td><td class=\"column-8\"><\/td><td class=\"column-9\">16<\/td>\n<\/tr>\n<tr class=\"row-41\">\n\t<td class=\"column-1\">38<\/td><td class=\"column-2\">Schmengler<\/td><td class=\"column-3\">Riudi<\/td><td class=\"column-4\">1.DC Boppard 2<\/td><td class=\"column-5\"><\/td><td class=\"column-6\">16<\/td><td class=\"column-7\"><\/td><td class=\"column-8\"><\/td><td class=\"column-9\">16<\/td>\n<\/tr>\n<tr class=\"row-42\">\n\t<td class=\"column-1\">38<\/td><td class=\"column-2\">Lenz<\/td><td class=\"column-3\">Marco<\/td><td class=\"column-4\">DSC Bandits 2<\/td><td class=\"column-5\"><\/td><td class=\"column-6\">16<\/td><td class=\"column-7\"><\/td><td class=\"column-8\"><\/td><td class=\"column-9\">16<\/td>\n<\/tr>\n<tr class=\"row-43\">\n\t<td class=\"column-1\">38<\/td><td class=\"column-2\">Gebbauer<\/td><td class=\"column-3\">Marcus<\/td><td class=\"column-4\">1.DC Boppard 2<\/td><td class=\"column-5\"><\/td><td class=\"column-6\">16<\/td><td class=\"column-7\"><\/td><td class=\"column-8\"><\/td><td class=\"column-9\">16<\/td>\n<\/tr>\n<tr class=\"row-44\">\n\t<td class=\"column-1\">38<\/td><td class=\"column-2\">Nagies<\/td><td class=\"column-3\">Tanja<\/td><td class=\"column-4\"><\/td><td class=\"column-5\"><\/td><td class=\"column-6\">16<\/td><td class=\"column-7\"><\/td><td class=\"column-8\"><\/td><td class=\"column-9\">16<\/td>\n<\/tr>\n<\/tbody>\n<\/table>\n<!-- #tablepress-1 from cache -->\t\t\t\t<\/div>\n\t\t\t\t\t<\/div>\n\t\t\t\t<\/div>\n\t\t<div class=\"elementor-element elementor-element-05a8817 e-flex e-con-boxed e-con e-parent\" data-id=\"05a8817\" data-element_type=\"container\" data-e-type=\"container\">\n\t\t\t\t\t<div class=\"e-con-inner\">\n\t\t<div class=\"elementor-element elementor-element-83fb1a0 e-con-full e-flex e-con e-child\" data-id=\"83fb1a0\" data-element_type=\"container\" data-e-type=\"container\">\n\t\t\t\t<\/div>\n\t\t<div class=\"elementor-element elementor-element-2904a75 e-con-full e-flex e-con e-child\" data-id=\"2904a75\" data-element_type=\"container\" data-e-type=\"container\">\n\t\t<div class=\"elementor-element elementor-element-ef1647f e-con-full e-flex e-con e-child\" data-id=\"ef1647f\" data-element_type=\"container\" data-e-type=\"container\">\n\t\t\t\t<\/div>\n\t\t<div class=\"elementor-element elementor-element-3c32272 e-con-full e-flex e-con e-child\" data-id=\"3c32272\" data-element_type=\"container\" data-e-type=\"container\">\n\t\t\t\t<\/div>\n\t\t\t\t<\/div>\n\t\t\t\t\t<\/div>\n\t\t\t\t<\/div>\n\t\t\t\t<\/div>\n\t\t","protected":false},"excerpt":{"rendered":"<p>Das hier ist die Abschlusstabelle der Masters Ranglistensaison 2025\/26.\u00a0 In diesem Jahr belegen gleich 2 Spieler den 16. Tabellenplatz. Eigentlich h\u00e4tte das Los entscheiden m\u00fcssen, wer von beiden qualifiziert ist, aber Kevin Stay verzichtet auf die direkte Teilnahme und ist somit 1. Nachr\u00fccker. Durch den Verzicht von Kevin, ist Alan Tyranski direkt qualiziert.\u00a0Sollte einer der [&hellip;]<\/p>\n","protected":false},"author":1,"featured_media":0,"parent":0,"menu_order":75,"comment_status":"closed","ping_status":"closed","template":"","meta":{"_uag_custom_page_level_css":"","footnotes":""},"class_list":["post-51","page","type-page","status-publish","hentry"],"uagb_featured_image_src":{"full":false,"thumbnail":false,"medium":false,"medium_large":false,"large":false,"1536x1536":false,"2048x2048":false},"uagb_author_info":{"display_name":"Tobias Assmann","author_link":"https:\/\/rhl-dart.de\/index.php\/author\/testuser\/"},"uagb_comment_info":0,"uagb_excerpt":"Das hier ist die Abschlusstabelle der Masters Ranglistensaison 2025\/26.\u00a0 In diesem Jahr belegen gleich 2 Spieler den 16. Tabellenplatz. Eigentlich h\u00e4tte das Los entscheiden m\u00fcssen, wer von beiden qualifiziert ist, aber Kevin Stay verzichtet auf die direkte Teilnahme und ist somit 1. Nachr\u00fccker. Durch den Verzicht von Kevin, ist Alan Tyranski direkt qualiziert.\u00a0Sollte einer der&hellip;","_links":{"self":[{"href":"https:\/\/rhl-dart.de\/index.php\/wp-json\/wp\/v2\/pages\/51","targetHints":{"allow":["GET"]}}],"collection":[{"href":"https:\/\/rhl-dart.de\/index.php\/wp-json\/wp\/v2\/pages"}],"about":[{"href":"https:\/\/rhl-dart.de\/index.php\/wp-json\/wp\/v2\/types\/page"}],"author":[{"embeddable":true,"href":"https:\/\/rhl-dart.de\/index.php\/wp-json\/wp\/v2\/users\/1"}],"replies":[{"embeddable":true,"href":"https:\/\/rhl-dart.de\/index.php\/wp-json\/wp\/v2\/comments?post=51"}],"version-history":[{"count":40,"href":"https:\/\/rhl-dart.de\/index.php\/wp-json\/wp\/v2\/pages\/51\/revisions"}],"predecessor-version":[{"id":4653,"href":"https:\/\/rhl-dart.de\/index.php\/wp-json\/wp\/v2\/pages\/51\/revisions\/4653"}],"wp:attachment":[{"href":"https:\/\/rhl-dart.de\/index.php\/wp-json\/wp\/v2\/media?parent=51"}],"curies":[{"name":"wp","href":"https:\/\/api.w.org\/{rel}","templated":true}]}}